{"id":1668,"date":"2024-10-12T19:02:15","date_gmt":"2024-10-12T22:02:15","guid":{"rendered":"https:\/\/ipp.ufrn.br\/inctlabplan\/?page_id=1668"},"modified":"2024-11-11T09:44:19","modified_gmt":"2024-11-11T12:44:19","slug":"rede-planar","status":"publish","type":"page","link":"https:\/\/ipp.ufrn.br\/inctlabplan\/rede-planar\/","title":{"rendered":"Rede Planar"},"content":{"rendered":"<p><div class=\"fusion-fullwidth fullwidth-box fusion-builder-row-1 fusion-flex-container has-pattern-background has-mask-background hundred-percent-fullwidth non-hundred-percent-height-scrolling\" style=\"--awb-border-radius-top-left:0px;--awb-border-radius-top-right:0px;--awb-border-radius-bottom-right:0px;--awb-border-radius-bottom-left:0px;--awb-padding-top:90px;--awb-padding-right:12%;--awb-padding-bottom:90px;--awb-padding-left:12%;--awb-padding-top-small:30px;--awb-padding-right-small:9%;--awb-padding-bottom-small:60px;--awb-padding-left-small:9%;--awb-flex-wrap:wrap;\" ><div class=\"fusion-builder-row fusion-row fusion-flex-align-items-flex-start fusion-flex-justify-content-center fusion-flex-content-wrap\" style=\"width:104% !important;max-width:104% !important;margin-left: calc(-4% \/ 2 );margin-right: calc(-4% \/ 2 );\"><div class=\"fusion-layout-column fusion_builder_column fusion-builder-column-0 fusion_builder_column_1_2 1_2 fusion-flex-column\" style=\"--awb-padding-bottom-small:30px;--awb-bg-size:cover;--awb-width-large:50%;--awb-margin-top-large:0px;--awb-spacing-right-large:3.84%;--awb-margin-bottom-large:0px;--awb-spacing-left-large:3.84%;--awb-width-medium:50%;--awb-order-medium:0;--awb-spacing-right-medium:3.84%;--awb-spacing-left-medium:3.84%;--awb-width-small:100%;--awb-order-small:0;--awb-spacing-right-small:1.92%;--awb-spacing-left-small:1.92%;\"><div class=\"fusion-column-wrapper fusion-column-has-shadow fusion-flex-justify-content-flex-start fusion-content-layout-column\"><div class=\"fusion-title title fusion-title-1 fusion-sep-none fusion-title-text fusion-title-size-one\"><h1 class=\"fusion-title-heading title-heading-left\" style=\"margin:0;\">Rede de Pesquisa Planar<\/h1><\/div><div class=\"fusion-text fusion-text-1\"><p>A Rede de Pesquisa Planar \u2013 Planejamento e An\u00e1lise Regional e Urbana foi criada em 2024, em conjunto com o INCT Labplan, e \u00e9 composta por laborat\u00f3rios, grupos e n\u00facleos de pesquisa, sediados em universidades nacionais e internacionais.<\/p>\n<p>Seu objetivo \u00e9 reunir atores interessados na tem\u00e1tica do desenvolvimento regional e urbano no Brasil e Am\u00e9rica Latina.<\/p>\n<p>A experi\u00eancia de trabalho conjunto entre os integrantes da Rede Planar identifica a exist\u00eancia de uma produ\u00e7\u00e3o cient\u00edfica cruzada e interesses atuais e comuns entre os pesquisadores participantes de um conjunto de projetos em diferentes momentos e focada nas 3 linhas de pesquisa desenhadas para o INCT Labplan.<\/p>\n<p>A g\u00eanese est\u00e1 no livro \u201c<strong><a href=\"https:\/\/ipp.ufrn.br\/inctlabplan\/biblioteca\/economia-metropolitana-e-desenvolvimento-regional-do-experimento-desenvolvimentista-a-inflexao-ultraliberal\/\" target=\"_blank\" rel=\"noopener\">Economia metropolitana e desenvolvimento regional: do experimento desenvolvimentista \u00e0 inflex\u00e3o ultraliberal<\/a><\/strong>\u201d publicado em 2020, pela Letra Capital, como produto do projeto Economia Metropolitana e Desenvolvimento Regional, desenvolvido entre 2018 e 2022, no \u00e2mbito do INCT Observat\u00f3rio das Metr\u00f3poles N\u00facleo Natal.<\/p>\n<p>Al\u00e9m do projeto INCT Labplan, a Rede Planar desenvolve pesquisas vinculadas a outras iniciativas, com parceiros nacionais e internacionais mexicanos, que teceram os interesses e temas que hoje comp\u00f5em o portf\u00f3lio de projetos em curso na Rede Planar.<\/p>\n<\/div><\/div><\/div><div class=\"fusion-layout-column fusion_builder_column fusion-builder-column-1 fusion_builder_column_2_5 2_5 fusion-flex-column\" style=\"--awb-bg-size:cover;--awb-width-large:40%;--awb-margin-top-large:0px;--awb-spacing-right-large:4.8%;--awb-margin-bottom-large:0px;--awb-spacing-left-large:4.8%;--awb-width-medium:40%;--awb-order-medium:0;--awb-spacing-right-medium:4.8%;--awb-spacing-left-medium:4.8%;--awb-width-small:75%;--awb-order-small:0;--awb-spacing-right-small:2.56%;--awb-spacing-left-small:2.56%;\"><div class=\"fusion-column-wrapper fusion-column-has-shadow fusion-flex-justify-content-flex-start fusion-content-layout-column\"><div class=\"fusion-image-element \" style=\"text-align:center;--awb-caption-title-font-family:var(--h2_typography-font-family);--awb-caption-title-font-weight:var(--h2_typography-font-weight);--awb-caption-title-font-style:var(--h2_typography-font-style);--awb-caption-title-size:var(--h2_typography-font-size);--awb-caption-title-transform:var(--h2_typography-text-transform);--awb-caption-title-line-height:var(--h2_typography-line-height);--awb-caption-title-letter-spacing:var(--h2_typography-letter-spacing);\"><span class=\" fusion-imageframe imageframe-none imageframe-1 hover-type-none\"><img decoding=\"async\" width=\"587\" height=\"601\" title=\"logo-planar-2024\" src=\"https:\/\/ipp.ufrn.br\/inctlabplan\/wp-content\/uploads\/2024\/10\/logo-planar-2024.webp\" alt class=\"img-responsive wp-image-1697\" srcset=\"https:\/\/ipp.ufrn.br\/inctlabplan\/wp-content\/uploads\/2024\/10\/logo-planar-2024-200x205.webp 200w, https:\/\/ipp.ufrn.br\/inctlabplan\/wp-content\/uploads\/2024\/10\/logo-planar-2024-293x300.webp 293w, https:\/\/ipp.ufrn.br\/inctlabplan\/wp-content\/uploads\/2024\/10\/logo-planar-2024-400x410.webp 400w, https:\/\/ipp.ufrn.br\/inctlabplan\/wp-content\/uploads\/2024\/10\/logo-planar-2024.webp 587w\" sizes=\"(max-width: 640px) 100vw, 587px\" \/><\/span><\/div><\/div><\/div><\/div><\/div><div class=\"fusion-fullwidth fullwidth-box fusion-builder-row-2 fusion-flex-container has-pattern-background has-mask-background nonhundred-percent-fullwidth non-hundred-percent-height-scrolling\" style=\"--awb-border-radius-top-left:0px;--awb-border-radius-top-right:0px;--awb-border-radius-bottom-right:0px;--awb-border-radius-bottom-left:0px;--awb-padding-top:90px;--awb-padding-right:12%;--awb-padding-bottom:90px;--awb-padding-left:12%;--awb-background-color:#ffeaba;--awb-flex-wrap:wrap;\" ><div class=\"fusion-builder-row fusion-row fusion-flex-align-items-flex-start fusion-flex-content-wrap\" style=\"max-width:1248px;margin-left: calc(-4% \/ 2 );margin-right: calc(-4% \/ 2 );\"><div class=\"fusion-layout-column fusion_builder_column fusion-builder-column-2 fusion_builder_column_1_1 1_1 fusion-flex-column\" style=\"--awb-bg-size:cover;--awb-width-large:100%;--awb-margin-top-large:0px;--awb-spacing-right-large:1.92%;--awb-margin-bottom-large:0px;--awb-spacing-left-large:1.92%;--awb-width-medium:100%;--awb-order-medium:0;--awb-spacing-right-medium:1.92%;--awb-spacing-left-medium:1.92%;--awb-width-small:100%;--awb-order-small:0;--awb-spacing-right-small:1.92%;--awb-spacing-left-small:1.92%;\"><div class=\"fusion-column-wrapper fusion-column-has-shadow fusion-flex-justify-content-flex-start fusion-content-layout-column\"><div class=\"fusion-title title fusion-title-2 fusion-sep-none fusion-title-text fusion-title-size-three\" style=\"--awb-text-color:var(--awb-custom_color_7);--awb-margin-bottom:30px;\"><h3 class=\"fusion-title-heading title-heading-left\" style=\"margin:0;\">Projetos<\/h3><\/div><ul style=\"--awb-size:18px;--awb-iconcolor:var(--awb-color5);--awb-textcolor:var(--awb-custom_color_11);--awb-line-height:30.6px;--awb-icon-width:30.6px;--awb-icon-height:30.6px;--awb-icon-margin:12.6px;--awb-content-margin:43.2px;\" class=\"fusion-checklist fusion-checklist-1 fusion-checklist-default type-icons\"><li class=\"fusion-li-item\" style=\"\"><span class=\"icon-wrapper circle-no\"><i class=\"fusion-li-icon fa-arrow-right fas\" aria-hidden=\"true\"><\/i><\/span><div class=\"fusion-li-item-content\">\n<p><b>INCT Labplan: Laborat\u00f3rio de Estudos sobre o Planejamento Urbano e Regional<br \/>\n<\/b>Coordena\u00e7\u00e3o: Maria do Livramento Clementino e Juliana Bacelar de Ara\u00fajo.<\/p>\n<\/div><\/li><li class=\"fusion-li-item\" style=\"\"><span class=\"icon-wrapper circle-no\"><i class=\"fusion-li-icon fa-arrow-right fas\" aria-hidden=\"true\"><\/i><\/span><div class=\"fusion-li-item-content\">\n<p><b>Transforma\u00e7\u00f5es econ\u00f4micas recentes das metr\u00f3poles brasileiras: diversidade, heterogeneidade e novas din\u00e2micas. Edital Universal CNPq 2023<br \/>\n<\/b>Coordena\u00e7\u00e3o: Maria do Livramento Clementino.<\/p>\n<\/div><\/li><li class=\"fusion-li-item\" style=\"\"><span class=\"icon-wrapper circle-no\"><i class=\"fusion-li-icon fa-arrow-right fas\" aria-hidden=\"true\"><\/i><\/span><div class=\"fusion-li-item-content\">\n<p><b>Planejamento e gest\u00e3o territorial frente a projetos de Energias Renov\u00e1veis: proposi\u00e7\u00f5es a partir de quest\u00f5es socio ambientais e fundi\u00e1rias em din\u00e2micas urbanas, rurais, de povos e comunidades tradicionais. Bioma caatinga. Rio Grande do Norte. Edital Universal CNPq 2023<br \/>\n<\/b>Coordena\u00e7\u00e3o: Dulce Bentes.<\/p>\n<\/div><\/li><li class=\"fusion-li-item\" style=\"\"><span class=\"icon-wrapper circle-no\"><i class=\"fusion-li-icon fa-arrow-right fas\" aria-hidden=\"true\"><\/i><\/span><div class=\"fusion-li-item-content\">\n<p><b>A Fronteira Agromineral do Centro-Norte do Brasil: Pol\u00edticas, Planejamento Regional E Transforma\u00e7\u00f5es Socioterritoriais Recentes. IG-UNICAMP. Edital Universal CNPq 2023<br \/>\n<\/b>Coordena\u00e7\u00e3o: Vicente Eudes Lemos Alves.<\/p>\n<\/div><\/li><li class=\"fusion-li-item\" style=\"\"><span class=\"icon-wrapper circle-no\"><i class=\"fusion-li-icon fa-arrow-right fas\" aria-hidden=\"true\"><\/i><\/span><div class=\"fusion-li-item-content\">\n<p><b>Observando a Insufici\u00eancia Socioecon\u00f4mica Multidimensional no Brasil. Edital Universal CNPq 2022<br \/>\n<\/b>Coordena\u00e7\u00e3o: Cassiano Jos\u00e9 Bezerra Marques Trov\u00e3o.<\/p>\n<\/div><\/li><li class=\"fusion-li-item\" style=\"\"><span class=\"icon-wrapper circle-no\"><i class=\"fusion-li-icon fa-arrow-right fas\" aria-hidden=\"true\"><\/i><\/span><div class=\"fusion-li-item-content\">\n<p><b>Bioeconomia e cidades sustent\u00e1veis na Amaz\u00f4nia. Edital FAPESPA\/CNPq 2022<br \/>\n<\/b>Coordena\u00e7\u00e3o: Raul da Silva Ventura Neto e Harley Silva.<\/p>\n<\/div><\/li><li class=\"fusion-li-item\" style=\"\"><span class=\"icon-wrapper circle-no\"><i class=\"fusion-li-icon fa-arrow-right fas\" aria-hidden=\"true\"><\/i><\/span><div class=\"fusion-li-item-content\">\n<p><b>Desenvolvimento Socioecon\u00f4mico Sustent\u00e1vel no Rio Grande do Norte: um olhar para as desigualdades. Edital FAPERN 2024<br \/>\n<\/b>Coordena\u00e7\u00e3o: Juliana Bacelar de Ara\u00fajo.<\/p>\n<\/div><\/li><\/ul><\/div><\/div><\/div><\/div><div class=\"fusion-fullwidth fullwidth-box fusion-builder-row-3 fusion-flex-container has-pattern-background has-mask-background hundred-percent-fullwidth non-hundred-percent-height-scrolling\" style=\"--awb-border-radius-top-left:0px;--awb-border-radius-top-right:0px;--awb-border-radius-bottom-right:0px;--awb-border-radius-bottom-left:0px;--awb-padding-top:90px;--awb-padding-right:6%;--awb-padding-bottom:0px;--awb-padding-left:6%;--awb-padding-top-small:30px;--awb-padding-right-small:6%;--awb-padding-left-small:6%;--awb-background-color:var(--awb-color1);--awb-flex-wrap:wrap;\" ><div class=\"fusion-builder-row fusion-row fusion-flex-align-items-flex-start fusion-flex-content-wrap\" style=\"width:104% !important;max-width:104% !important;margin-left: calc(-4% \/ 2 );margin-right: calc(-4% \/ 2 );\"><div class=\"fusion-layout-column fusion_builder_column fusion-builder-column-3 fusion_builder_column_1_1 1_1 fusion-flex-column\" style=\"--awb-bg-size:cover;--awb-width-large:100%;--awb-margin-top-large:0px;--awb-spacing-right-large:1.92%;--awb-margin-bottom-large:0px;--awb-spacing-left-large:1.92%;--awb-width-medium:100%;--awb-order-medium:0;--awb-spacing-right-medium:1.92%;--awb-spacing-left-medium:1.92%;--awb-width-small:100%;--awb-order-small:0;--awb-spacing-right-small:1.92%;--awb-spacing-left-small:1.92%;\"><div class=\"fusion-column-wrapper fusion-column-has-shadow fusion-flex-justify-content-flex-start fusion-content-layout-column\"><div class=\"fusion-title title fusion-title-3 fusion-sep-none fusion-title-center fusion-title-text fusion-title-size-two\" style=\"--awb-text-color:var(--awb-custom_color_7);\"><h2 class=\"fusion-title-heading title-heading-center\" style=\"margin:0;\">Laborat\u00f3rios Participantes<\/h2><\/div><div class=\"awb-gallery-wrapper awb-gallery-wrapper-1 button-span-no\" style=\"--more-btn-alignment:center;\"><div style=\"margin:0px;--awb-bordersize:0px;--awb-columns-small:50%;\" class=\"fusion-gallery fusion-gallery-container fusion-grid-4 fusion-columns-total-9 fusion-gallery-layout-grid fusion-gallery-1\"><div style=\"padding:0px;\" class=\"fusion-grid-column fusion-gallery-column fusion-gallery-column-4 hover-type-none\"><div class=\"fusion-gallery-image\"><a href=\"https:\/\/cchla.ufrn.br\/ipp\/labplan\/\" rel=\"noreferrer\" data-rel=\"iLightbox[gallery_image_1]\" class=\"fusion-lightbox\" target=\"_blank\"><img decoding=\"async\" src=\"https:\/\/ipp.ufrn.br\/inctlabplan\/wp-content\/uploads\/2024\/09\/logo-labplan.png\" width=\"450\" height=\"300\" alt=\"\" title=\"logo-labplan\" aria-label=\"logo-labplan\" class=\"img-responsive wp-image-325\" srcset=\"https:\/\/ipp.ufrn.br\/inctlabplan\/wp-content\/uploads\/2024\/09\/logo-labplan-200x133.png 200w, https:\/\/ipp.ufrn.br\/inctlabplan\/wp-content\/uploads\/2024\/09\/logo-labplan-400x267.png 400w, https:\/\/ipp.ufrn.br\/inctlabplan\/wp-content\/uploads\/2024\/09\/logo-labplan.png 450w\" sizes=\"(min-width: 2200px) 100vw, (min-width: 856px) 300px, (min-width: 784px) 400px, (min-width: 712px) 600px, (min-width: 640px) 712px, \" \/><\/a><\/div><\/div><div style=\"padding:0px;\" class=\"fusion-grid-column fusion-gallery-column fusion-gallery-column-4 hover-type-none\"><div class=\"fusion-gallery-image\"><a href=\"https:\/\/www.facebook.com\/gepd.ufrn\" rel=\"noreferrer\" data-rel=\"iLightbox[gallery_image_1]\" class=\"fusion-lightbox\" target=\"_blank\"><img decoding=\"async\" src=\"https:\/\/ipp.ufrn.br\/inctlabplan\/wp-content\/uploads\/2024\/11\/logo-gepd.png\" width=\"450\" height=\"300\" alt=\"\" title=\"logo-gepd\" aria-label=\"logo-gepd\" class=\"img-responsive wp-image-2165\" srcset=\"https:\/\/ipp.ufrn.br\/inctlabplan\/wp-content\/uploads\/2024\/11\/logo-gepd-200x133.png 200w, https:\/\/ipp.ufrn.br\/inctlabplan\/wp-content\/uploads\/2024\/11\/logo-gepd-400x267.png 400w, https:\/\/ipp.ufrn.br\/inctlabplan\/wp-content\/uploads\/2024\/11\/logo-gepd.png 450w\" sizes=\"(min-width: 2200px) 100vw, (min-width: 856px) 300px, (min-width: 784px) 400px, (min-width: 712px) 600px, (min-width: 640px) 712px, \" \/><\/a><\/div><\/div><div style=\"padding:0px;\" class=\"fusion-grid-column fusion-gallery-column fusion-gallery-column-4 hover-type-none\"><div class=\"fusion-gallery-image\"><a href=\"https:\/\/www.instagram.com\/cepec.economiaurca\" rel=\"noreferrer\" data-rel=\"iLightbox[gallery_image_1]\" class=\"fusion-lightbox\" target=\"_blank\"><img decoding=\"async\" src=\"https:\/\/ipp.ufrn.br\/inctlabplan\/wp-content\/uploads\/2024\/09\/logo-cepec.png\" width=\"450\" height=\"300\" alt=\"\" title=\"logo-cepec\" aria-label=\"logo-cepec\" class=\"img-responsive wp-image-319\" srcset=\"https:\/\/ipp.ufrn.br\/inctlabplan\/wp-content\/uploads\/2024\/09\/logo-cepec-200x133.png 200w, https:\/\/ipp.ufrn.br\/inctlabplan\/wp-content\/uploads\/2024\/09\/logo-cepec-400x267.png 400w, https:\/\/ipp.ufrn.br\/inctlabplan\/wp-content\/uploads\/2024\/09\/logo-cepec.png 450w\" sizes=\"(min-width: 2200px) 100vw, (min-width: 856px) 300px, (min-width: 784px) 400px, (min-width: 712px) 600px, (min-width: 640px) 712px, \" \/><\/a><\/div><\/div><div style=\"padding:0px;\" class=\"fusion-grid-column fusion-gallery-column fusion-gallery-column-4 hover-type-none\"><div class=\"fusion-gallery-image\"><a href=\"http:\/\/www.urca.br\/portal2\/\" rel=\"noreferrer\" data-rel=\"iLightbox[gallery_image_1]\" class=\"fusion-lightbox\" target=\"_self\"><img decoding=\"async\" src=\"https:\/\/ipp.ufrn.br\/inctlabplan\/wp-content\/uploads\/2024\/11\/logo-urca.png\" width=\"450\" height=\"300\" alt=\"\" title=\"logo-urca\" aria-label=\"logo-urca\" class=\"img-responsive wp-image-2169\" srcset=\"https:\/\/ipp.ufrn.br\/inctlabplan\/wp-content\/uploads\/2024\/11\/logo-urca-200x133.png 200w, https:\/\/ipp.ufrn.br\/inctlabplan\/wp-content\/uploads\/2024\/11\/logo-urca-400x267.png 400w, https:\/\/ipp.ufrn.br\/inctlabplan\/wp-content\/uploads\/2024\/11\/logo-urca.png 450w\" sizes=\"(min-width: 2200px) 100vw, (min-width: 856px) 300px, (min-width: 784px) 400px, (min-width: 712px) 600px, (min-width: 640px) 712px, \" \/><\/a><\/div><\/div><div class=\"clearfix\"><\/div><div style=\"padding:0px;\" class=\"fusion-grid-column fusion-gallery-column fusion-gallery-column-4 hover-type-none\"><div class=\"fusion-gallery-image\"><a href=\"https:\/\/lepur.com.br\/\" rel=\"noreferrer\" data-rel=\"iLightbox[gallery_image_1]\" class=\"fusion-lightbox\" target=\"_blank\"><img decoding=\"async\" src=\"https:\/\/ipp.ufrn.br\/inctlabplan\/wp-content\/uploads\/2024\/09\/logo-lepur.png\" width=\"450\" height=\"300\" alt=\"\" title=\"logo-lepur\" aria-label=\"logo-lepur\" class=\"img-responsive wp-image-328\" srcset=\"https:\/\/ipp.ufrn.br\/inctlabplan\/wp-content\/uploads\/2024\/09\/logo-lepur-200x133.png 200w, https:\/\/ipp.ufrn.br\/inctlabplan\/wp-content\/uploads\/2024\/09\/logo-lepur-400x267.png 400w, https:\/\/ipp.ufrn.br\/inctlabplan\/wp-content\/uploads\/2024\/09\/logo-lepur.png 450w\" sizes=\"(min-width: 2200px) 100vw, (min-width: 856px) 300px, (min-width: 784px) 400px, (min-width: 712px) 600px, (min-width: 640px) 712px, \" \/><\/a><\/div><\/div><div style=\"padding:0px;\" class=\"fusion-grid-column fusion-gallery-column fusion-gallery-column-4 hover-type-none\"><div class=\"fusion-gallery-image\"><a href=\"https:\/\/www.labcam.net\/\" rel=\"noreferrer\" data-rel=\"iLightbox[gallery_image_1]\" class=\"fusion-lightbox\" target=\"_blank\"><img decoding=\"async\" src=\"https:\/\/ipp.ufrn.br\/inctlabplan\/wp-content\/uploads\/2024\/09\/logo-labcam.png\" width=\"450\" height=\"300\" alt=\"\" title=\"logo-labcam\" aria-label=\"logo-labcam\" class=\"img-responsive wp-image-324\" srcset=\"https:\/\/ipp.ufrn.br\/inctlabplan\/wp-content\/uploads\/2024\/09\/logo-labcam-200x133.png 200w, https:\/\/ipp.ufrn.br\/inctlabplan\/wp-content\/uploads\/2024\/09\/logo-labcam-400x267.png 400w, https:\/\/ipp.ufrn.br\/inctlabplan\/wp-content\/uploads\/2024\/09\/logo-labcam.png 450w\" sizes=\"(min-width: 2200px) 100vw, (min-width: 856px) 300px, (min-width: 784px) 400px, (min-width: 712px) 600px, (min-width: 640px) 712px, \" \/><\/a><\/div><\/div><div style=\"padding:0px;\" class=\"fusion-grid-column fusion-gallery-column fusion-gallery-column-4 hover-type-none\"><div class=\"fusion-gallery-image\"><a href=\"https:\/\/www.instagram.com\/getete_cede\" rel=\"noreferrer\" data-rel=\"iLightbox[gallery_image_1]\" class=\"fusion-lightbox\" target=\"_blank\"><img decoding=\"async\" src=\"https:\/\/ipp.ufrn.br\/inctlabplan\/wp-content\/uploads\/2024\/09\/logo-getete.png\" width=\"450\" height=\"300\" alt=\"\" title=\"logo-getete\" aria-label=\"logo-getete\" class=\"img-responsive wp-image-322\" srcset=\"https:\/\/ipp.ufrn.br\/inctlabplan\/wp-content\/uploads\/2024\/09\/logo-getete-200x133.png 200w, https:\/\/ipp.ufrn.br\/inctlabplan\/wp-content\/uploads\/2024\/09\/logo-getete-400x267.png 400w, https:\/\/ipp.ufrn.br\/inctlabplan\/wp-content\/uploads\/2024\/09\/logo-getete.png 450w\" sizes=\"(min-width: 2200px) 100vw, (min-width: 856px) 300px, (min-width: 784px) 400px, (min-width: 712px) 600px, (min-width: 640px) 712px, \" \/><\/a><\/div><\/div><div style=\"padding:0px;\" class=\"fusion-grid-column fusion-gallery-column fusion-gallery-column-4 hover-type-none\"><div class=\"fusion-gallery-image\"><a href=\"https:\/\/coljal.mx\/investigacion-lineas\/laboratorio-estudios-met\/\" rel=\"noreferrer\" data-rel=\"iLightbox[gallery_image_1]\" class=\"fusion-lightbox\" target=\"_blank\"><img decoding=\"async\" src=\"https:\/\/ipp.ufrn.br\/inctlabplan\/wp-content\/uploads\/2024\/09\/logo-lemet.png\" width=\"450\" height=\"300\" alt=\"\" title=\"logo-lemet\" aria-label=\"logo-lemet\" class=\"img-responsive wp-image-326\" srcset=\"https:\/\/ipp.ufrn.br\/inctlabplan\/wp-content\/uploads\/2024\/09\/logo-lemet-200x133.png 200w, https:\/\/ipp.ufrn.br\/inctlabplan\/wp-content\/uploads\/2024\/09\/logo-lemet-400x267.png 400w, https:\/\/ipp.ufrn.br\/inctlabplan\/wp-content\/uploads\/2024\/09\/logo-lemet.png 450w\" sizes=\"(min-width: 2200px) 100vw, (min-width: 856px) 300px, (min-width: 784px) 400px, (min-width: 712px) 600px, (min-width: 640px) 712px, \" \/><\/a><\/div><\/div><div class=\"clearfix\"><\/div><div style=\"padding:0px;\" class=\"fusion-grid-column fusion-gallery-column fusion-gallery-column-4 hover-type-none\"><div class=\"fusion-gallery-image\"><a href=\"https:\/\/www.instagram.com\/nugar_uern\/\" rel=\"noreferrer\" data-rel=\"iLightbox[gallery_image_1]\" class=\"fusion-lightbox\" target=\"_blank\"><img decoding=\"async\" src=\"https:\/\/ipp.ufrn.br\/inctlabplan\/wp-content\/uploads\/2024\/11\/logo-nugar.png\" width=\"450\" height=\"300\" alt=\"\" title=\"logo-nugar\" aria-label=\"logo-nugar\" class=\"img-responsive wp-image-2168\" srcset=\"https:\/\/ipp.ufrn.br\/inctlabplan\/wp-content\/uploads\/2024\/11\/logo-nugar-200x133.png 200w, https:\/\/ipp.ufrn.br\/inctlabplan\/wp-content\/uploads\/2024\/11\/logo-nugar-400x267.png 400w, https:\/\/ipp.ufrn.br\/inctlabplan\/wp-content\/uploads\/2024\/11\/logo-nugar.png 450w\" sizes=\"(min-width: 2200px) 100vw, (min-width: 856px) 300px, (min-width: 784px) 400px, (min-width: 712px) 600px, (min-width: 640px) 712px, \" \/><\/a><\/div><\/div><\/div><\/div><\/div><\/div><\/div><\/div><\/p>\n","protected":false},"excerpt":{"rendered":"","protected":false},"author":1,"featured_media":0,"parent":0,"menu_order":0,"comment_status":"closed","ping_status":"closed","template":"100-width.php","meta":{"_acf_changed":false,"footnotes":""},"class_list":["post-1668","page","type-page","status-publish","hentry"],"acf":[],"yoast_head":"<!-- This site is optimized with the Yoast SEO plugin v24.0 - https:\/\/yoast.com\/wordpress\/plugins\/seo\/ -->\n<title>Rede Planar - INCT Labplan<\/title>\n<meta name=\"robots\" content=\"index, follow, max-snippet:-1, max-image-preview:large, max-video-preview:-1\" \/>\n<link rel=\"canonical\" href=\"https:\/\/ipp.ufrn.br\/inctlabplan\/rede-planar\/\" \/>\n<meta property=\"og:locale\" content=\"pt_BR\" \/>\n<meta property=\"og:type\" content=\"article\" \/>\n<meta property=\"og:title\" content=\"Rede Planar - INCT Labplan\" \/>\n<meta property=\"og:url\" content=\"https:\/\/ipp.ufrn.br\/inctlabplan\/rede-planar\/\" \/>\n<meta property=\"og:site_name\" content=\"INCT Labplan\" \/>\n<meta property=\"article:modified_time\" content=\"2024-11-11T12:44:19+00:00\" \/>\n<meta name=\"twitter:card\" content=\"summary_large_image\" \/>\n<meta name=\"twitter:label1\" content=\"Est. tempo de leitura\" \/>\n\t<meta name=\"twitter:data1\" content=\"4 minutos\" \/>\n<script type=\"application\/ld+json\" class=\"yoast-schema-graph\">{\"@context\":\"https:\/\/schema.org\",\"@graph\":[{\"@type\":\"WebPage\",\"@id\":\"https:\/\/ipp.ufrn.br\/inctlabplan\/rede-planar\/\",\"url\":\"https:\/\/ipp.ufrn.br\/inctlabplan\/rede-planar\/\",\"name\":\"Rede Planar - INCT Labplan\",\"isPartOf\":{\"@id\":\"https:\/\/ipp.ufrn.br\/inctlabplan\/#website\"},\"datePublished\":\"2024-10-12T22:02:15+00:00\",\"dateModified\":\"2024-11-11T12:44:19+00:00\",\"breadcrumb\":{\"@id\":\"https:\/\/ipp.ufrn.br\/inctlabplan\/rede-planar\/#breadcrumb\"},\"inLanguage\":\"pt-BR\",\"potentialAction\":[{\"@type\":\"ReadAction\",\"target\":[\"https:\/\/ipp.ufrn.br\/inctlabplan\/rede-planar\/\"]}]},{\"@type\":\"BreadcrumbList\",\"@id\":\"https:\/\/ipp.ufrn.br\/inctlabplan\/rede-planar\/#breadcrumb\",\"itemListElement\":[{\"@type\":\"ListItem\",\"position\":1,\"name\":\"In\u00edcio\",\"item\":\"https:\/\/ipp.ufrn.br\/inctlabplan\/\"},{\"@type\":\"ListItem\",\"position\":2,\"name\":\"Rede Planar\"}]},{\"@type\":\"WebSite\",\"@id\":\"https:\/\/ipp.ufrn.br\/inctlabplan\/#website\",\"url\":\"https:\/\/ipp.ufrn.br\/inctlabplan\/\",\"name\":\"INCT Labplan\",\"description\":\"\",\"potentialAction\":[{\"@type\":\"SearchAction\",\"target\":{\"@type\":\"EntryPoint\",\"urlTemplate\":\"https:\/\/ipp.ufrn.br\/inctlabplan\/?s={search_term_string}\"},\"query-input\":{\"@type\":\"PropertyValueSpecification\",\"valueRequired\":true,\"valueName\":\"search_term_string\"}}],\"inLanguage\":\"pt-BR\"}]}<\/script>\n<!-- \/ Yoast SEO plugin. -->","yoast_head_json":{"title":"Rede Planar - INCT Labplan","robots":{"index":"index","follow":"follow","max-snippet":"max-snippet:-1","max-image-preview":"max-image-preview:large","max-video-preview":"max-video-preview:-1"},"canonical":"https:\/\/ipp.ufrn.br\/inctlabplan\/rede-planar\/","og_locale":"pt_BR","og_type":"article","og_title":"Rede Planar - INCT Labplan","og_url":"https:\/\/ipp.ufrn.br\/inctlabplan\/rede-planar\/","og_site_name":"INCT Labplan","article_modified_time":"2024-11-11T12:44:19+00:00","twitter_card":"summary_large_image","twitter_misc":{"Est. tempo de leitura":"4 minutos"},"schema":{"@context":"https:\/\/schema.org","@graph":[{"@type":"WebPage","@id":"https:\/\/ipp.ufrn.br\/inctlabplan\/rede-planar\/","url":"https:\/\/ipp.ufrn.br\/inctlabplan\/rede-planar\/","name":"Rede Planar - INCT Labplan","isPartOf":{"@id":"https:\/\/ipp.ufrn.br\/inctlabplan\/#website"},"datePublished":"2024-10-12T22:02:15+00:00","dateModified":"2024-11-11T12:44:19+00:00","breadcrumb":{"@id":"https:\/\/ipp.ufrn.br\/inctlabplan\/rede-planar\/#breadcrumb"},"inLanguage":"pt-BR","potentialAction":[{"@type":"ReadAction","target":["https:\/\/ipp.ufrn.br\/inctlabplan\/rede-planar\/"]}]},{"@type":"BreadcrumbList","@id":"https:\/\/ipp.ufrn.br\/inctlabplan\/rede-planar\/#breadcrumb","itemListElement":[{"@type":"ListItem","position":1,"name":"In\u00edcio","item":"https:\/\/ipp.ufrn.br\/inctlabplan\/"},{"@type":"ListItem","position":2,"name":"Rede Planar"}]},{"@type":"WebSite","@id":"https:\/\/ipp.ufrn.br\/inctlabplan\/#website","url":"https:\/\/ipp.ufrn.br\/inctlabplan\/","name":"INCT Labplan","description":"","potentialAction":[{"@type":"SearchAction","target":{"@type":"EntryPoint","urlTemplate":"https:\/\/ipp.ufrn.br\/inctlabplan\/?s={search_term_string}"},"query-input":{"@type":"PropertyValueSpecification","valueRequired":true,"valueName":"search_term_string"}}],"inLanguage":"pt-BR"}]}},"_links":{"self":[{"href":"https:\/\/ipp.ufrn.br\/inctlabplan\/wp-json\/wp\/v2\/pages\/1668","targetHints":{"allow":["GET"]}}],"collection":[{"href":"https:\/\/ipp.ufrn.br\/inctlabplan\/wp-json\/wp\/v2\/pages"}],"about":[{"href":"https:\/\/ipp.ufrn.br\/inctlabplan\/wp-json\/wp\/v2\/types\/page"}],"author":[{"embeddable":true,"href":"https:\/\/ipp.ufrn.br\/inctlabplan\/wp-json\/wp\/v2\/users\/1"}],"replies":[{"embeddable":true,"href":"https:\/\/ipp.ufrn.br\/inctlabplan\/wp-json\/wp\/v2\/comments?post=1668"}],"version-history":[{"count":30,"href":"https:\/\/ipp.ufrn.br\/inctlabplan\/wp-json\/wp\/v2\/pages\/1668\/revisions"}],"predecessor-version":[{"id":2195,"href":"https:\/\/ipp.ufrn.br\/inctlabplan\/wp-json\/wp\/v2\/pages\/1668\/revisions\/2195"}],"wp:attachment":[{"href":"https:\/\/ipp.ufrn.br\/inctlabplan\/wp-json\/wp\/v2\/media?parent=1668"}],"curies":[{"name":"wp","href":"https:\/\/api.w.org\/{rel}","templated":true}]}}