{"id":2616,"date":"2025-07-09T14:23:55","date_gmt":"2025-07-09T17:23:55","guid":{"rendered":"https:\/\/ipp.ufrn.br\/inctlabplan\/?page_id=2616"},"modified":"2025-07-09T15:57:09","modified_gmt":"2025-07-09T18:57:09","slug":"documentos","status":"publish","type":"page","link":"https:\/\/ipp.ufrn.br\/inctlabplan\/publicacoes\/documentos\/","title":{"rendered":"Documentos"},"content":{"rendered":"<p><img decoding=\"async\" class=\" wp-image-2634 alignleft\" src=\"https:\/\/ipp.ufrn.br\/inctlabplan\/wp-content\/uploads\/Captura-de-tela-2025-07-09-153746-231x300.png\" alt=\"Resolucao_recursos_eventos_2025\" width=\"385\" height=\"500\" srcset=\"https:\/\/ipp.ufrn.br\/inctlabplan\/wp-content\/uploads\/Captura-de-tela-2025-07-09-153746-116x150.png 116w, https:\/\/ipp.ufrn.br\/inctlabplan\/wp-content\/uploads\/Captura-de-tela-2025-07-09-153746-200x259.png 200w, https:\/\/ipp.ufrn.br\/inctlabplan\/wp-content\/uploads\/Captura-de-tela-2025-07-09-153746-231x300.png 231w, https:\/\/ipp.ufrn.br\/inctlabplan\/wp-content\/uploads\/Captura-de-tela-2025-07-09-153746-400x519.png 400w, https:\/\/ipp.ufrn.br\/inctlabplan\/wp-content\/uploads\/Captura-de-tela-2025-07-09-153746-600x778.png 600w, https:\/\/ipp.ufrn.br\/inctlabplan\/wp-content\/uploads\/Captura-de-tela-2025-07-09-153746.png 646w\" sizes=\"(max-width: 385px) 100vw, 385px\" \/><\/p>\n<p>&nbsp;<\/p>\n<p>Resolu\u00e7\u00e3o 01\/2025 do Comit\u00ea Gestor do INCT Labplan, que normatiza os procedimentos para solicita\u00e7\u00e3o de recursos destinados \u00e0 participa\u00e7\u00e3o em eventos cient\u00edficos e acad\u00eamicos.<\/p>\n<p>A resolu\u00e7\u00e3o visa estabelecer crit\u00e9rios claros e transparentes para a an\u00e1lise e aprova\u00e7\u00e3o das solicita\u00e7\u00f5es.<\/p>\n<p><strong><span style=\"color: #3366ff;\"><span style=\"color: #000000;\">Baixar resolu\u00e7\u00e3o<\/span><\/span><\/strong><span style=\"color: #3366ff;\"><strong><span style=\"color: #000000;\">:<\/span><\/strong><a style=\"color: #3366ff;\" href=\"https:\/\/ipp.ufrn.br\/inctlabplan\/wp-content\/uploads\/Resolucao_recursos_eventos_2025.pdf\"> Re<\/a><a style=\"color: #3366ff;\" href=\"https:\/\/ipp.ufrn.br\/inctlabplan\/wp-content\/uploads\/Resolucao_recursos_eventos_2025.pdf\">solu\u00e7\u00e3o<\/a><a style=\"color: #3366ff;\" href=\"https:\/\/ipp.ufrn.br\/inctlabplan\/wp-content\/uploads\/Resolucao_recursos_eventos_2025.pdf\">01\/2025 do Comit\u00ea Gestor do INCT Labplan: procedimentos para solicita\u00e7\u00e3o de recursos destinados \u00e0 participa\u00e7\u00e3o em eventos cient\u00edficos e<\/a><a style=\"color: #3366ff;\" href=\"https:\/\/ipp.ufrn.br\/inctlabplan\/wp-content\/uploads\/Resolucao_recursos_eventos_2025.pdf\"> acad\u00eamicos.<\/a><\/span><\/p>\n","protected":false},"excerpt":{"rendered":"<p>&nbsp; Resolu\u00e7\u00e3o 01\/2025 do Comit\u00ea Gestor do INCT Labplan, que [&hellip;]<\/p>\n","protected":false},"author":8,"featured_media":0,"parent":16,"menu_order":0,"comment_status":"closed","ping_status":"closed","template":"100-width.php","meta":{"_acf_changed":false,"footnotes":""},"class_list":["post-2616","page","type-page","status-publish","hentry"],"acf":[],"yoast_head":"<!-- This site is optimized with the Yoast SEO plugin v24.0 - https:\/\/yoast.com\/wordpress\/plugins\/seo\/ -->\n<title>Documentos - INCT Labplan<\/title>\n<meta name=\"robots\" content=\"index, follow, max-snippet:-1, max-image-preview:large, max-video-preview:-1\" \/>\n<link rel=\"canonical\" href=\"https:\/\/ipp.ufrn.br\/inctlabplan\/publicacoes\/documentos\/\" \/>\n<meta property=\"og:locale\" content=\"pt_BR\" \/>\n<meta property=\"og:type\" content=\"article\" \/>\n<meta property=\"og:title\" content=\"Documentos - INCT Labplan\" \/>\n<meta property=\"og:description\" content=\"&nbsp; Resolu\u00e7\u00e3o 01\/2025 do Comit\u00ea Gestor do INCT Labplan, que [&hellip;]\" \/>\n<meta property=\"og:url\" content=\"https:\/\/ipp.ufrn.br\/inctlabplan\/publicacoes\/documentos\/\" \/>\n<meta property=\"og:site_name\" content=\"INCT Labplan\" \/>\n<meta property=\"article:modified_time\" content=\"2025-07-09T18:57:09+00:00\" \/>\n<meta property=\"og:image\" content=\"https:\/\/ipp.ufrn.br\/inctlabplan\/wp-content\/uploads\/Captura-de-tela-2025-07-09-153746.png\" \/>\n\t<meta property=\"og:image:width\" content=\"646\" \/>\n\t<meta property=\"og:image:height\" content=\"838\" \/>\n\t<meta property=\"og:image:type\" content=\"image\/png\" \/>\n<meta name=\"twitter:card\" content=\"summary_large_image\" \/>\n<meta name=\"twitter:label1\" content=\"Est. tempo de leitura\" \/>\n\t<meta name=\"twitter:data1\" content=\"1 minuto\" \/>\n<script type=\"application\/ld+json\" class=\"yoast-schema-graph\">{\"@context\":\"https:\/\/schema.org\",\"@graph\":[{\"@type\":\"WebPage\",\"@id\":\"https:\/\/ipp.ufrn.br\/inctlabplan\/publicacoes\/documentos\/\",\"url\":\"https:\/\/ipp.ufrn.br\/inctlabplan\/publicacoes\/documentos\/\",\"name\":\"Documentos - INCT Labplan\",\"isPartOf\":{\"@id\":\"https:\/\/ipp.ufrn.br\/inctlabplan\/#website\"},\"primaryImageOfPage\":{\"@id\":\"https:\/\/ipp.ufrn.br\/inctlabplan\/publicacoes\/documentos\/#primaryimage\"},\"image\":{\"@id\":\"https:\/\/ipp.ufrn.br\/inctlabplan\/publicacoes\/documentos\/#primaryimage\"},\"thumbnailUrl\":\"https:\/\/ipp.ufrn.br\/inctlabplan\/wp-content\/uploads\/Captura-de-tela-2025-07-09-153746-231x300.png\",\"datePublished\":\"2025-07-09T17:23:55+00:00\",\"dateModified\":\"2025-07-09T18:57:09+00:00\",\"breadcrumb\":{\"@id\":\"https:\/\/ipp.ufrn.br\/inctlabplan\/publicacoes\/documentos\/#breadcrumb\"},\"inLanguage\":\"pt-BR\",\"potentialAction\":[{\"@type\":\"ReadAction\",\"target\":[\"https:\/\/ipp.ufrn.br\/inctlabplan\/publicacoes\/documentos\/\"]}]},{\"@type\":\"ImageObject\",\"inLanguage\":\"pt-BR\",\"@id\":\"https:\/\/ipp.ufrn.br\/inctlabplan\/publicacoes\/documentos\/#primaryimage\",\"url\":\"https:\/\/ipp.ufrn.br\/inctlabplan\/wp-content\/uploads\/Captura-de-tela-2025-07-09-153746.png\",\"contentUrl\":\"https:\/\/ipp.ufrn.br\/inctlabplan\/wp-content\/uploads\/Captura-de-tela-2025-07-09-153746.png\",\"width\":646,\"height\":838,\"caption\":\"Resolucao_recursos_eventos_2025\"},{\"@type\":\"BreadcrumbList\",\"@id\":\"https:\/\/ipp.ufrn.br\/inctlabplan\/publicacoes\/documentos\/#breadcrumb\",\"itemListElement\":[{\"@type\":\"ListItem\",\"position\":1,\"name\":\"In\u00edcio\",\"item\":\"https:\/\/ipp.ufrn.br\/inctlabplan\/\"},{\"@type\":\"ListItem\",\"position\":2,\"name\":\"Publica\u00e7\u00f5es\",\"item\":\"https:\/\/ipp.ufrn.br\/inctlabplan\/publicacoes\/\"},{\"@type\":\"ListItem\",\"position\":3,\"name\":\"Documentos\"}]},{\"@type\":\"WebSite\",\"@id\":\"https:\/\/ipp.ufrn.br\/inctlabplan\/#website\",\"url\":\"https:\/\/ipp.ufrn.br\/inctlabplan\/\",\"name\":\"INCT Labplan\",\"description\":\"\",\"potentialAction\":[{\"@type\":\"SearchAction\",\"target\":{\"@type\":\"EntryPoint\",\"urlTemplate\":\"https:\/\/ipp.ufrn.br\/inctlabplan\/?s={search_term_string}\"},\"query-input\":{\"@type\":\"PropertyValueSpecification\",\"valueRequired\":true,\"valueName\":\"search_term_string\"}}],\"inLanguage\":\"pt-BR\"}]}<\/script>\n<!-- \/ Yoast SEO plugin. -->","yoast_head_json":{"title":"Documentos - INCT Labplan","robots":{"index":"index","follow":"follow","max-snippet":"max-snippet:-1","max-image-preview":"max-image-preview:large","max-video-preview":"max-video-preview:-1"},"canonical":"https:\/\/ipp.ufrn.br\/inctlabplan\/publicacoes\/documentos\/","og_locale":"pt_BR","og_type":"article","og_title":"Documentos - INCT Labplan","og_description":"&nbsp; Resolu\u00e7\u00e3o 01\/2025 do Comit\u00ea Gestor do INCT Labplan, que [&hellip;]","og_url":"https:\/\/ipp.ufrn.br\/inctlabplan\/publicacoes\/documentos\/","og_site_name":"INCT Labplan","article_modified_time":"2025-07-09T18:57:09+00:00","og_image":[{"width":646,"height":838,"url":"https:\/\/ipp.ufrn.br\/inctlabplan\/wp-content\/uploads\/Captura-de-tela-2025-07-09-153746.png","type":"image\/png"}],"twitter_card":"summary_large_image","twitter_misc":{"Est. tempo de leitura":"1 minuto"},"schema":{"@context":"https:\/\/schema.org","@graph":[{"@type":"WebPage","@id":"https:\/\/ipp.ufrn.br\/inctlabplan\/publicacoes\/documentos\/","url":"https:\/\/ipp.ufrn.br\/inctlabplan\/publicacoes\/documentos\/","name":"Documentos - INCT Labplan","isPartOf":{"@id":"https:\/\/ipp.ufrn.br\/inctlabplan\/#website"},"primaryImageOfPage":{"@id":"https:\/\/ipp.ufrn.br\/inctlabplan\/publicacoes\/documentos\/#primaryimage"},"image":{"@id":"https:\/\/ipp.ufrn.br\/inctlabplan\/publicacoes\/documentos\/#primaryimage"},"thumbnailUrl":"https:\/\/ipp.ufrn.br\/inctlabplan\/wp-content\/uploads\/Captura-de-tela-2025-07-09-153746-231x300.png","datePublished":"2025-07-09T17:23:55+00:00","dateModified":"2025-07-09T18:57:09+00:00","breadcrumb":{"@id":"https:\/\/ipp.ufrn.br\/inctlabplan\/publicacoes\/documentos\/#breadcrumb"},"inLanguage":"pt-BR","potentialAction":[{"@type":"ReadAction","target":["https:\/\/ipp.ufrn.br\/inctlabplan\/publicacoes\/documentos\/"]}]},{"@type":"ImageObject","inLanguage":"pt-BR","@id":"https:\/\/ipp.ufrn.br\/inctlabplan\/publicacoes\/documentos\/#primaryimage","url":"https:\/\/ipp.ufrn.br\/inctlabplan\/wp-content\/uploads\/Captura-de-tela-2025-07-09-153746.png","contentUrl":"https:\/\/ipp.ufrn.br\/inctlabplan\/wp-content\/uploads\/Captura-de-tela-2025-07-09-153746.png","width":646,"height":838,"caption":"Resolucao_recursos_eventos_2025"},{"@type":"BreadcrumbList","@id":"https:\/\/ipp.ufrn.br\/inctlabplan\/publicacoes\/documentos\/#breadcrumb","itemListElement":[{"@type":"ListItem","position":1,"name":"In\u00edcio","item":"https:\/\/ipp.ufrn.br\/inctlabplan\/"},{"@type":"ListItem","position":2,"name":"Publica\u00e7\u00f5es","item":"https:\/\/ipp.ufrn.br\/inctlabplan\/publicacoes\/"},{"@type":"ListItem","position":3,"name":"Documentos"}]},{"@type":"WebSite","@id":"https:\/\/ipp.ufrn.br\/inctlabplan\/#website","url":"https:\/\/ipp.ufrn.br\/inctlabplan\/","name":"INCT Labplan","description":"","potentialAction":[{"@type":"SearchAction","target":{"@type":"EntryPoint","urlTemplate":"https:\/\/ipp.ufrn.br\/inctlabplan\/?s={search_term_string}"},"query-input":{"@type":"PropertyValueSpecification","valueRequired":true,"valueName":"search_term_string"}}],"inLanguage":"pt-BR"}]}},"_links":{"self":[{"href":"https:\/\/ipp.ufrn.br\/inctlabplan\/wp-json\/wp\/v2\/pages\/2616","targetHints":{"allow":["GET"]}}],"collection":[{"href":"https:\/\/ipp.ufrn.br\/inctlabplan\/wp-json\/wp\/v2\/pages"}],"about":[{"href":"https:\/\/ipp.ufrn.br\/inctlabplan\/wp-json\/wp\/v2\/types\/page"}],"author":[{"embeddable":true,"href":"https:\/\/ipp.ufrn.br\/inctlabplan\/wp-json\/wp\/v2\/users\/8"}],"replies":[{"embeddable":true,"href":"https:\/\/ipp.ufrn.br\/inctlabplan\/wp-json\/wp\/v2\/comments?post=2616"}],"version-history":[{"count":11,"href":"https:\/\/ipp.ufrn.br\/inctlabplan\/wp-json\/wp\/v2\/pages\/2616\/revisions"}],"predecessor-version":[{"id":2644,"href":"https:\/\/ipp.ufrn.br\/inctlabplan\/wp-json\/wp\/v2\/pages\/2616\/revisions\/2644"}],"up":[{"embeddable":true,"href":"https:\/\/ipp.ufrn.br\/inctlabplan\/wp-json\/wp\/v2\/pages\/16"}],"wp:attachment":[{"href":"https:\/\/ipp.ufrn.br\/inctlabplan\/wp-json\/wp\/v2\/media?parent=2616"}],"curies":[{"name":"wp","href":"https:\/\/api.w.org\/{rel}","templated":true}]}}