{"id":285,"date":"2024-09-03T17:43:46","date_gmt":"2024-09-03T20:43:46","guid":{"rendered":"http:\/\/ipp.ufrn.br\/inctlabplan\/?page_id=285"},"modified":"2024-10-21T17:41:19","modified_gmt":"2024-10-21T20:41:19","slug":"livros","status":"publish","type":"page","link":"https:\/\/ipp.ufrn.br\/inctlabplan\/publicacoes\/livros\/","title":{"rendered":"Livros"},"content":{"rendered":"<p><div class=\"fusion-fullwidth fullwidth-box fusion-builder-row-1 fusion-flex-container has-pattern-background has-mask-background vertical-title hundred-percent-fullwidth non-hundred-percent-height-scrolling fusion-no-small-visibility\" style=\"--awb-border-radius-top-left:0px;--awb-border-radius-top-right:0px;--awb-border-radius-bottom-right:0px;--awb-border-radius-bottom-left:0px;--awb-padding-right:0px;--awb-padding-left:0px;--awb-margin-top:0px;--awb-flex-wrap:wrap;\" ><div class=\"fusion-builder-row fusion-row fusion-flex-align-items-flex-start fusion-flex-content-wrap\" style=\"width:104% !important;max-width:104% !important;margin-left: calc(-4% \/ 2 );margin-right: calc(-4% \/ 2 );\"><div class=\"fusion-layout-column fusion_builder_column fusion-builder-column-0 fusion_builder_column_1_1 1_1 fusion-flex-column\" style=\"--awb-bg-size:cover;--awb-width-large:100%;--awb-margin-top-large:0px;--awb-spacing-right-large:1.92%;--awb-margin-bottom-large:0px;--awb-spacing-left-large:1.92%;--awb-width-medium:100%;--awb-order-medium:0;--awb-spacing-right-medium:1.92%;--awb-spacing-left-medium:1.92%;--awb-width-small:100%;--awb-order-small:0;--awb-spacing-right-small:1.92%;--awb-spacing-left-small:1.92%;\"><div class=\"fusion-column-wrapper fusion-column-has-shadow fusion-flex-justify-content-flex-start fusion-content-layout-column\"><div class=\"fusion-title title fusion-title-1 fusion-sep-none fusion-title-text fusion-title-size-one\" style=\"--awb-text-color:var(--awb-color5);--awb-margin-top:0px;--awb-margin-bottom:0px;--awb-font-size:150px;\"><h1 class=\"fusion-title-heading title-heading-left\" style=\"font-family:&quot;Cabinet Grotesk&quot;;font-style:normal;font-weight:400;margin:0;font-size:1em;\">Livros<\/h1><\/div><\/div><\/div><\/div><\/div><div class=\"fusion-fullwidth fullwidth-box fusion-builder-row-2 fusion-flex-container has-pattern-background has-mask-background hundred-percent-fullwidth non-hundred-percent-height-scrolling\" style=\"--awb-border-radius-top-left:0px;--awb-border-radius-top-right:0px;--awb-border-radius-bottom-right:0px;--awb-border-radius-bottom-left:0px;--awb-padding-top:90px;--awb-padding-right:9%;--awb-padding-bottom:90px;--awb-padding-left:15%;--awb-padding-top-small:30px;--awb-padding-right-small:9%;--awb-padding-bottom-small:30px;--awb-padding-left-small:9%;--awb-flex-wrap:wrap;\" ><div class=\"fusion-builder-row fusion-row fusion-flex-align-items-flex-start fusion-flex-content-wrap\" style=\"width:104% !important;max-width:104% !important;margin-left: calc(-4% \/ 2 );margin-right: calc(-4% \/ 2 );\"><div class=\"fusion-layout-column fusion_builder_column fusion-builder-column-1 fusion_builder_column_1_1 1_1 fusion-flex-column\" style=\"--awb-bg-size:cover;--awb-width-large:100%;--awb-margin-top-large:0px;--awb-spacing-right-large:1.92%;--awb-margin-bottom-large:0px;--awb-spacing-left-large:1.92%;--awb-width-medium:100%;--awb-order-medium:0;--awb-spacing-right-medium:1.92%;--awb-spacing-left-medium:1.92%;--awb-width-small:100%;--awb-order-small:0;--awb-spacing-right-small:1.92%;--awb-spacing-left-small:1.92%;\"><div class=\"fusion-column-wrapper fusion-column-has-shadow fusion-flex-justify-content-flex-start fusion-content-layout-column\"><div class=\"fusion-title title fusion-title-2 fusion-no-medium-visibility fusion-no-large-visibility fusion-sep-none fusion-title-text fusion-title-size-one\" style=\"--awb-margin-bottom-small:30px;\"><h1 class=\"fusion-title-heading title-heading-left\" style=\"margin:0;\">Livros<\/h1><\/div><div class=\"fusion-post-cards fusion-post-cards-1 fusion-grid-archive fusion-grid-columns-4\" style=\"--awb-column-spacing:30px;--awb-dots-align:center;--awb-active-filter-border-size:3px;--awb-filters-height:36px;--awb-margin-bottom:0px;\"><ul class=\"fusion-grid fusion-grid-4 fusion-flex-align-items-flex-start fusion-grid-posts-cards\"><li class=\"fusion-layout-column fusion_builder_column fusion-builder-column-2 fusion-flex-column fusion-column-inner-bg-wrapper post-card fusion-grid-column fusion-post-cards-grid-column\" style=\"--awb-inner-bg-blend:overlay;--awb-inner-bg-size:cover;\"><span class=\"fusion-column-inner-bg hover-type-none\"><a class=\"fusion-column-anchor\" href=\"https:\/\/ipp.ufrn.br\/inctlabplan\/biblioteca\/2589-2\/\"><span class=\"fusion-column-inner-bg-image\"><\/span><\/a><\/span><div class=\"fusion-column-wrapper fusion-flex-justify-content-flex-start fusion-content-layout-column\"><div class=\"fusion-image-element \" style=\"--awb-aspect-ratio:2 \/ 3;--awb-caption-title-font-family:var(--h2_typography-font-family);--awb-caption-title-font-weight:var(--h2_typography-font-weight);--awb-caption-title-font-style:var(--h2_typography-font-style);--awb-caption-title-size:var(--h2_typography-font-size);--awb-caption-title-transform:var(--h2_typography-text-transform);--awb-caption-title-line-height:var(--h2_typography-line-height);--awb-caption-title-letter-spacing:var(--h2_typography-letter-spacing);\"><span class=\" fusion-imageframe imageframe-none imageframe-1 hover-type-none has-aspect-ratio\"><img decoding=\"async\" width=\"529\" height=\"803\" title=\"Captura de tela 2025-06-26 160242\" src=\"https:\/\/ipp.ufrn.br\/inctlabplan\/wp-content\/uploads\/Captura-de-tela-2025-06-26-160242.png\" class=\"img-responsive wp-image-2590 img-with-aspect-ratio\" alt srcset=\"https:\/\/ipp.ufrn.br\/inctlabplan\/wp-content\/uploads\/Captura-de-tela-2025-06-26-160242-200x304.png 200w, https:\/\/ipp.ufrn.br\/inctlabplan\/wp-content\/uploads\/Captura-de-tela-2025-06-26-160242-400x607.png 400w, https:\/\/ipp.ufrn.br\/inctlabplan\/wp-content\/uploads\/Captura-de-tela-2025-06-26-160242.png 529w\" sizes=\"(max-width: 640px) 100vw, 529px\" \/><\/span><\/div><div class=\"fusion-title title fusion-title-3 fusion-sep-none fusion-title-center fusion-title-text fusion-title-size-four\" style=\"--awb-text-color:#ffffff;--awb-text-stroke-color:#ffffff;--awb-sep-color:#ffffff;--awb-font-size:18px;\"><h4 class=\"fusion-title-heading title-heading-center\" style=\"font-family:&quot;Raleway&quot;;font-style:normal;font-weight:700;margin:0;font-size:1em;letter-spacing:0.5px;\">Federalismo e Gest\u00e3o Metropolitana no Brasil e no M\u00e9xico<\/h4><\/div><div class=\"fusion-text fusion-text-1\" style=\"--awb-content-alignment:center;--awb-text-color:#ffffff;--awb-text-font-family:&quot;Raleway&quot;;--awb-text-font-style:normal;--awb-text-font-weight:400;\"><\/div><\/div><\/li>\n<li class=\"fusion-layout-column fusion_builder_column fusion-builder-column-3 fusion-flex-column fusion-column-inner-bg-wrapper post-card fusion-grid-column fusion-post-cards-grid-column\" style=\"--awb-inner-bg-blend:overlay;--awb-inner-bg-size:cover;\"><span class=\"fusion-column-inner-bg hover-type-none\"><a class=\"fusion-column-anchor\" href=\"https:\/\/ipp.ufrn.br\/inctlabplan\/biblioteca\/wilson-cano-a-questao-regional-e-urbana-no-brasil\/\"><span class=\"fusion-column-inner-bg-image\"><\/span><\/a><\/span><div class=\"fusion-column-wrapper fusion-flex-justify-content-flex-start fusion-content-layout-column\"><div class=\"fusion-image-element \" style=\"--awb-aspect-ratio:2 \/ 3;--awb-caption-title-font-family:var(--h2_typography-font-family);--awb-caption-title-font-weight:var(--h2_typography-font-weight);--awb-caption-title-font-style:var(--h2_typography-font-style);--awb-caption-title-size:var(--h2_typography-font-size);--awb-caption-title-transform:var(--h2_typography-text-transform);--awb-caption-title-line-height:var(--h2_typography-line-height);--awb-caption-title-letter-spacing:var(--h2_typography-letter-spacing);\"><span class=\" fusion-imageframe imageframe-none imageframe-2 hover-type-none has-aspect-ratio\"><img decoding=\"async\" width=\"956\" height=\"1370\" title=\"wilson_cano\" src=\"https:\/\/ipp.ufrn.br\/inctlabplan\/wp-content\/uploads\/2024\/09\/wilson_cano.png\" class=\"img-responsive wp-image-520 img-with-aspect-ratio\" alt srcset=\"https:\/\/ipp.ufrn.br\/inctlabplan\/wp-content\/uploads\/2024\/09\/wilson_cano-200x287.png 200w, https:\/\/ipp.ufrn.br\/inctlabplan\/wp-content\/uploads\/2024\/09\/wilson_cano-400x573.png 400w, https:\/\/ipp.ufrn.br\/inctlabplan\/wp-content\/uploads\/2024\/09\/wilson_cano-600x860.png 600w, https:\/\/ipp.ufrn.br\/inctlabplan\/wp-content\/uploads\/2024\/09\/wilson_cano-800x1146.png 800w, https:\/\/ipp.ufrn.br\/inctlabplan\/wp-content\/uploads\/2024\/09\/wilson_cano.png 956w\" sizes=\"(max-width: 640px) 100vw, 956px\" \/><\/span><\/div><div class=\"fusion-title title fusion-title-4 fusion-sep-none fusion-title-center fusion-title-text fusion-title-size-four\" style=\"--awb-text-color:#ffffff;--awb-text-stroke-color:#ffffff;--awb-sep-color:#ffffff;--awb-font-size:18px;\"><h4 class=\"fusion-title-heading title-heading-center\" style=\"font-family:&quot;Raleway&quot;;font-style:normal;font-weight:700;margin:0;font-size:1em;letter-spacing:0.5px;\">Wilson Cano &#8211; A quest\u00e3o regional e urbana no Brasil<\/h4><\/div><div class=\"fusion-text fusion-text-2\" style=\"--awb-content-alignment:center;--awb-text-color:#ffffff;--awb-text-font-family:&quot;Raleway&quot;;--awb-text-font-style:normal;--awb-text-font-weight:400;\"><\/div><\/div><\/li>\n<li class=\"fusion-layout-column fusion_builder_column fusion-builder-column-4 fusion-flex-column fusion-column-inner-bg-wrapper post-card fusion-grid-column fusion-post-cards-grid-column\" style=\"--awb-inner-bg-blend:overlay;--awb-inner-bg-size:cover;\"><span class=\"fusion-column-inner-bg hover-type-none\"><a class=\"fusion-column-anchor\" href=\"https:\/\/ipp.ufrn.br\/inctlabplan\/biblioteca\/economia-metropolitana-e-desenvolvimento-regional-do-experimento-desenvolvimentista-a-inflexao-ultraliberal\/\"><span class=\"fusion-column-inner-bg-image\"><\/span><\/a><\/span><div class=\"fusion-column-wrapper fusion-flex-justify-content-flex-start fusion-content-layout-column\"><div class=\"fusion-image-element \" style=\"--awb-aspect-ratio:2 \/ 3;--awb-caption-title-font-family:var(--h2_typography-font-family);--awb-caption-title-font-weight:var(--h2_typography-font-weight);--awb-caption-title-font-style:var(--h2_typography-font-style);--awb-caption-title-size:var(--h2_typography-font-size);--awb-caption-title-transform:var(--h2_typography-text-transform);--awb-caption-title-line-height:var(--h2_typography-line-height);--awb-caption-title-letter-spacing:var(--h2_typography-letter-spacing);\"><span class=\" fusion-imageframe imageframe-none imageframe-3 hover-type-none has-aspect-ratio\"><img decoding=\"async\" width=\"1725\" height=\"2560\" title=\"capa-economia-metropolitana-scaled\" src=\"https:\/\/ipp.ufrn.br\/inctlabplan\/wp-content\/uploads\/2024\/09\/capa-economia-metropolitana-scaled-1.jpg\" class=\"img-responsive wp-image-514 img-with-aspect-ratio\" alt srcset=\"https:\/\/ipp.ufrn.br\/inctlabplan\/wp-content\/uploads\/2024\/09\/capa-economia-metropolitana-scaled-1-200x297.jpg 200w, https:\/\/ipp.ufrn.br\/inctlabplan\/wp-content\/uploads\/2024\/09\/capa-economia-metropolitana-scaled-1-400x594.jpg 400w, https:\/\/ipp.ufrn.br\/inctlabplan\/wp-content\/uploads\/2024\/09\/capa-economia-metropolitana-scaled-1-600x890.jpg 600w, https:\/\/ipp.ufrn.br\/inctlabplan\/wp-content\/uploads\/2024\/09\/capa-economia-metropolitana-scaled-1-800x1187.jpg 800w, https:\/\/ipp.ufrn.br\/inctlabplan\/wp-content\/uploads\/2024\/09\/capa-economia-metropolitana-scaled-1-1200x1781.jpg 1200w, https:\/\/ipp.ufrn.br\/inctlabplan\/wp-content\/uploads\/2024\/09\/capa-economia-metropolitana-scaled-1.jpg 1725w\" sizes=\"(max-width: 640px) 100vw, 1725px\" \/><\/span><\/div><div class=\"fusion-title title fusion-title-5 fusion-sep-none fusion-title-center fusion-title-text fusion-title-size-four\" style=\"--awb-text-color:#ffffff;--awb-text-stroke-color:#ffffff;--awb-sep-color:#ffffff;--awb-font-size:18px;\"><h4 class=\"fusion-title-heading title-heading-center\" style=\"font-family:&quot;Raleway&quot;;font-style:normal;font-weight:700;margin:0;font-size:1em;letter-spacing:0.5px;\">Economia metropolitana e desenvolvimento regional: do experimento desenvolvimentista \u00e0 inflex\u00e3o ultraliberal<\/h4><\/div><div class=\"fusion-text fusion-text-3\" style=\"--awb-content-alignment:center;--awb-text-color:#ffffff;--awb-text-font-family:&quot;Raleway&quot;;--awb-text-font-style:normal;--awb-text-font-weight:400;\"><\/div><\/div><\/li>\n<li class=\"fusion-layout-column fusion_builder_column fusion-builder-column-5 fusion-flex-column fusion-column-inner-bg-wrapper post-card fusion-grid-column fusion-post-cards-grid-column\" style=\"--awb-inner-bg-blend:overlay;--awb-inner-bg-size:cover;\"><span class=\"fusion-column-inner-bg hover-type-none\"><a class=\"fusion-column-anchor\" href=\"https:\/\/ipp.ufrn.br\/inctlabplan\/biblioteca\/gestao-urbana-projetos-e-politica-territorial\/\"><span class=\"fusion-column-inner-bg-image\"><\/span><\/a><\/span><div class=\"fusion-column-wrapper fusion-flex-justify-content-flex-start fusion-content-layout-column\"><div class=\"fusion-image-element \" style=\"--awb-aspect-ratio:2 \/ 3;--awb-caption-title-font-family:var(--h2_typography-font-family);--awb-caption-title-font-weight:var(--h2_typography-font-weight);--awb-caption-title-font-style:var(--h2_typography-font-style);--awb-caption-title-size:var(--h2_typography-font-size);--awb-caption-title-transform:var(--h2_typography-text-transform);--awb-caption-title-line-height:var(--h2_typography-line-height);--awb-caption-title-letter-spacing:var(--h2_typography-letter-spacing);\"><span class=\" fusion-imageframe imageframe-none imageframe-4 hover-type-none has-aspect-ratio\"><img decoding=\"async\" width=\"1241\" height=\"1755\" title=\"gestao-urbana\" src=\"https:\/\/ipp.ufrn.br\/inctlabplan\/wp-content\/uploads\/2024\/09\/gestao-urbana.jpg\" class=\"img-responsive wp-image-518 img-with-aspect-ratio\" alt srcset=\"https:\/\/ipp.ufrn.br\/inctlabplan\/wp-content\/uploads\/2024\/09\/gestao-urbana-200x283.jpg 200w, https:\/\/ipp.ufrn.br\/inctlabplan\/wp-content\/uploads\/2024\/09\/gestao-urbana-400x566.jpg 400w, https:\/\/ipp.ufrn.br\/inctlabplan\/wp-content\/uploads\/2024\/09\/gestao-urbana-600x849.jpg 600w, https:\/\/ipp.ufrn.br\/inctlabplan\/wp-content\/uploads\/2024\/09\/gestao-urbana-800x1131.jpg 800w, https:\/\/ipp.ufrn.br\/inctlabplan\/wp-content\/uploads\/2024\/09\/gestao-urbana-1200x1697.jpg 1200w, https:\/\/ipp.ufrn.br\/inctlabplan\/wp-content\/uploads\/2024\/09\/gestao-urbana.jpg 1241w\" sizes=\"(max-width: 640px) 100vw, 1241px\" \/><\/span><\/div><div class=\"fusion-title title fusion-title-6 fusion-sep-none fusion-title-center fusion-title-text fusion-title-size-four\" style=\"--awb-text-color:#ffffff;--awb-text-stroke-color:#ffffff;--awb-sep-color:#ffffff;--awb-font-size:18px;\"><h4 class=\"fusion-title-heading title-heading-center\" style=\"font-family:&quot;Raleway&quot;;font-style:normal;font-weight:700;margin:0;font-size:1em;letter-spacing:0.5px;\">Gest\u00e3o Urbana, Projetos e Pol\u00edtica Territorial<\/h4><\/div><div class=\"fusion-text fusion-text-4\" style=\"--awb-content-alignment:center;--awb-text-color:#ffffff;--awb-text-font-family:&quot;Raleway&quot;;--awb-text-font-style:normal;--awb-text-font-weight:400;\"><\/div><\/div><\/li>\n<li class=\"fusion-layout-column fusion_builder_column fusion-builder-column-6 fusion-flex-column fusion-column-inner-bg-wrapper post-card fusion-grid-column fusion-post-cards-grid-column\" style=\"--awb-inner-bg-blend:overlay;--awb-inner-bg-size:cover;\"><span class=\"fusion-column-inner-bg hover-type-none\"><a class=\"fusion-column-anchor\" href=\"https:\/\/ipp.ufrn.br\/inctlabplan\/biblioteca\/governanca-de-regioes-metropolitanas-contribuicoes-a-luz-do-estatuto-da-metropole\/\"><span class=\"fusion-column-inner-bg-image\"><\/span><\/a><\/span><div class=\"fusion-column-wrapper fusion-flex-justify-content-flex-start fusion-content-layout-column\"><div class=\"fusion-image-element \" style=\"--awb-aspect-ratio:2 \/ 3;--awb-caption-title-font-family:var(--h2_typography-font-family);--awb-caption-title-font-weight:var(--h2_typography-font-weight);--awb-caption-title-font-style:var(--h2_typography-font-style);--awb-caption-title-size:var(--h2_typography-font-size);--awb-caption-title-transform:var(--h2_typography-text-transform);--awb-caption-title-line-height:var(--h2_typography-line-height);--awb-caption-title-letter-spacing:var(--h2_typography-letter-spacing);\"><span class=\" fusion-imageframe imageframe-none imageframe-5 hover-type-none has-aspect-ratio\"><img decoding=\"async\" width=\"1810\" height=\"2560\" title=\"natal-governanca-scaled\" src=\"https:\/\/ipp.ufrn.br\/inctlabplan\/wp-content\/uploads\/2024\/09\/natal-governanca-scaled-1.jpg\" class=\"img-responsive wp-image-516 img-with-aspect-ratio\" alt srcset=\"https:\/\/ipp.ufrn.br\/inctlabplan\/wp-content\/uploads\/2024\/09\/natal-governanca-scaled-1-200x283.jpg 200w, https:\/\/ipp.ufrn.br\/inctlabplan\/wp-content\/uploads\/2024\/09\/natal-governanca-scaled-1-400x566.jpg 400w, https:\/\/ipp.ufrn.br\/inctlabplan\/wp-content\/uploads\/2024\/09\/natal-governanca-scaled-1-600x849.jpg 600w, https:\/\/ipp.ufrn.br\/inctlabplan\/wp-content\/uploads\/2024\/09\/natal-governanca-scaled-1-800x1131.jpg 800w, https:\/\/ipp.ufrn.br\/inctlabplan\/wp-content\/uploads\/2024\/09\/natal-governanca-scaled-1-1200x1697.jpg 1200w, https:\/\/ipp.ufrn.br\/inctlabplan\/wp-content\/uploads\/2024\/09\/natal-governanca-scaled-1.jpg 1810w\" sizes=\"(max-width: 640px) 100vw, 1810px\" \/><\/span><\/div><div class=\"fusion-title title fusion-title-7 fusion-sep-none fusion-title-center fusion-title-text fusion-title-size-four\" style=\"--awb-text-color:#ffffff;--awb-text-stroke-color:#ffffff;--awb-sep-color:#ffffff;--awb-font-size:18px;\"><h4 class=\"fusion-title-heading title-heading-center\" style=\"font-family:&quot;Raleway&quot;;font-style:normal;font-weight:700;margin:0;font-size:1em;letter-spacing:0.5px;\">Governan\u00e7a de regi\u00f5es metropolitanas: contribui\u00e7\u00f5es \u00e0 luz do Estatuto da Metr\u00f3pole<\/h4><\/div><div class=\"fusion-text fusion-text-5\" style=\"--awb-content-alignment:center;--awb-text-color:#ffffff;--awb-text-font-family:&quot;Raleway&quot;;--awb-text-font-style:normal;--awb-text-font-weight:400;\"><\/div><\/div><\/li>\n<\/ul><div class=\"pagination clearfix\"><\/div><div class=\"fusion-clearfix\"><\/div><\/div><\/div><\/div><\/div><\/div><\/p>\n","protected":false},"excerpt":{"rendered":"","protected":false},"author":3,"featured_media":0,"parent":16,"menu_order":0,"comment_status":"closed","ping_status":"closed","template":"100-width.php","meta":{"_acf_changed":false,"footnotes":""},"class_list":["post-285","page","type-page","status-publish","hentry"],"acf":[],"yoast_head":"<!-- This site is optimized with the Yoast SEO plugin v24.0 - https:\/\/yoast.com\/wordpress\/plugins\/seo\/ -->\n<title>Livros - INCT Labplan<\/title>\n<meta name=\"robots\" content=\"index, follow, max-snippet:-1, max-image-preview:large, max-video-preview:-1\" \/>\n<link rel=\"canonical\" href=\"https:\/\/ipp.ufrn.br\/inctlabplan\/publicacoes\/livros\/\" \/>\n<meta property=\"og:locale\" content=\"pt_BR\" \/>\n<meta property=\"og:type\" content=\"article\" \/>\n<meta property=\"og:title\" content=\"Livros - INCT Labplan\" \/>\n<meta property=\"og:url\" content=\"https:\/\/ipp.ufrn.br\/inctlabplan\/publicacoes\/livros\/\" \/>\n<meta property=\"og:site_name\" content=\"INCT Labplan\" \/>\n<meta property=\"article:modified_time\" content=\"2024-10-21T20:41:19+00:00\" \/>\n<meta name=\"twitter:card\" content=\"summary_large_image\" \/>\n<script type=\"application\/ld+json\" class=\"yoast-schema-graph\">{\"@context\":\"https:\/\/schema.org\",\"@graph\":[{\"@type\":\"WebPage\",\"@id\":\"https:\/\/ipp.ufrn.br\/inctlabplan\/publicacoes\/livros\/\",\"url\":\"https:\/\/ipp.ufrn.br\/inctlabplan\/publicacoes\/livros\/\",\"name\":\"Livros - INCT Labplan\",\"isPartOf\":{\"@id\":\"https:\/\/ipp.ufrn.br\/inctlabplan\/#website\"},\"datePublished\":\"2024-09-03T20:43:46+00:00\",\"dateModified\":\"2024-10-21T20:41:19+00:00\",\"breadcrumb\":{\"@id\":\"https:\/\/ipp.ufrn.br\/inctlabplan\/publicacoes\/livros\/#breadcrumb\"},\"inLanguage\":\"pt-BR\",\"potentialAction\":[{\"@type\":\"ReadAction\",\"target\":[\"https:\/\/ipp.ufrn.br\/inctlabplan\/publicacoes\/livros\/\"]}]},{\"@type\":\"BreadcrumbList\",\"@id\":\"https:\/\/ipp.ufrn.br\/inctlabplan\/publicacoes\/livros\/#breadcrumb\",\"itemListElement\":[{\"@type\":\"ListItem\",\"position\":1,\"name\":\"In\u00edcio\",\"item\":\"https:\/\/ipp.ufrn.br\/inctlabplan\/\"},{\"@type\":\"ListItem\",\"position\":2,\"name\":\"Publica\u00e7\u00f5es\",\"item\":\"https:\/\/ipp.ufrn.br\/inctlabplan\/publicacoes\/\"},{\"@type\":\"ListItem\",\"position\":3,\"name\":\"Livros\"}]},{\"@type\":\"WebSite\",\"@id\":\"https:\/\/ipp.ufrn.br\/inctlabplan\/#website\",\"url\":\"https:\/\/ipp.ufrn.br\/inctlabplan\/\",\"name\":\"INCT Labplan\",\"description\":\"\",\"potentialAction\":[{\"@type\":\"SearchAction\",\"target\":{\"@type\":\"EntryPoint\",\"urlTemplate\":\"https:\/\/ipp.ufrn.br\/inctlabplan\/?s={search_term_string}\"},\"query-input\":{\"@type\":\"PropertyValueSpecification\",\"valueRequired\":true,\"valueName\":\"search_term_string\"}}],\"inLanguage\":\"pt-BR\"}]}<\/script>\n<!-- \/ Yoast SEO plugin. -->","yoast_head_json":{"title":"Livros - INCT Labplan","robots":{"index":"index","follow":"follow","max-snippet":"max-snippet:-1","max-image-preview":"max-image-preview:large","max-video-preview":"max-video-preview:-1"},"canonical":"https:\/\/ipp.ufrn.br\/inctlabplan\/publicacoes\/livros\/","og_locale":"pt_BR","og_type":"article","og_title":"Livros - INCT Labplan","og_url":"https:\/\/ipp.ufrn.br\/inctlabplan\/publicacoes\/livros\/","og_site_name":"INCT Labplan","article_modified_time":"2024-10-21T20:41:19+00:00","twitter_card":"summary_large_image","schema":{"@context":"https:\/\/schema.org","@graph":[{"@type":"WebPage","@id":"https:\/\/ipp.ufrn.br\/inctlabplan\/publicacoes\/livros\/","url":"https:\/\/ipp.ufrn.br\/inctlabplan\/publicacoes\/livros\/","name":"Livros - INCT Labplan","isPartOf":{"@id":"https:\/\/ipp.ufrn.br\/inctlabplan\/#website"},"datePublished":"2024-09-03T20:43:46+00:00","dateModified":"2024-10-21T20:41:19+00:00","breadcrumb":{"@id":"https:\/\/ipp.ufrn.br\/inctlabplan\/publicacoes\/livros\/#breadcrumb"},"inLanguage":"pt-BR","potentialAction":[{"@type":"ReadAction","target":["https:\/\/ipp.ufrn.br\/inctlabplan\/publicacoes\/livros\/"]}]},{"@type":"BreadcrumbList","@id":"https:\/\/ipp.ufrn.br\/inctlabplan\/publicacoes\/livros\/#breadcrumb","itemListElement":[{"@type":"ListItem","position":1,"name":"In\u00edcio","item":"https:\/\/ipp.ufrn.br\/inctlabplan\/"},{"@type":"ListItem","position":2,"name":"Publica\u00e7\u00f5es","item":"https:\/\/ipp.ufrn.br\/inctlabplan\/publicacoes\/"},{"@type":"ListItem","position":3,"name":"Livros"}]},{"@type":"WebSite","@id":"https:\/\/ipp.ufrn.br\/inctlabplan\/#website","url":"https:\/\/ipp.ufrn.br\/inctlabplan\/","name":"INCT Labplan","description":"","potentialAction":[{"@type":"SearchAction","target":{"@type":"EntryPoint","urlTemplate":"https:\/\/ipp.ufrn.br\/inctlabplan\/?s={search_term_string}"},"query-input":{"@type":"PropertyValueSpecification","valueRequired":true,"valueName":"search_term_string"}}],"inLanguage":"pt-BR"}]}},"_links":{"self":[{"href":"https:\/\/ipp.ufrn.br\/inctlabplan\/wp-json\/wp\/v2\/pages\/285","targetHints":{"allow":["GET"]}}],"collection":[{"href":"https:\/\/ipp.ufrn.br\/inctlabplan\/wp-json\/wp\/v2\/pages"}],"about":[{"href":"https:\/\/ipp.ufrn.br\/inctlabplan\/wp-json\/wp\/v2\/types\/page"}],"author":[{"embeddable":true,"href":"https:\/\/ipp.ufrn.br\/inctlabplan\/wp-json\/wp\/v2\/users\/3"}],"replies":[{"embeddable":true,"href":"https:\/\/ipp.ufrn.br\/inctlabplan\/wp-json\/wp\/v2\/comments?post=285"}],"version-history":[{"count":6,"href":"https:\/\/ipp.ufrn.br\/inctlabplan\/wp-json\/wp\/v2\/pages\/285\/revisions"}],"predecessor-version":[{"id":2090,"href":"https:\/\/ipp.ufrn.br\/inctlabplan\/wp-json\/wp\/v2\/pages\/285\/revisions\/2090"}],"up":[{"embeddable":true,"href":"https:\/\/ipp.ufrn.br\/inctlabplan\/wp-json\/wp\/v2\/pages\/16"}],"wp:attachment":[{"href":"https:\/\/ipp.ufrn.br\/inctlabplan\/wp-json\/wp\/v2\/media?parent=285"}],"curies":[{"name":"wp","href":"https:\/\/api.w.org\/{rel}","templated":true}]}}