{"id":287,"date":"2024-09-03T17:44:01","date_gmt":"2024-09-03T20:44:01","guid":{"rendered":"http:\/\/ipp.ufrn.br\/inctlabplan\/?page_id=287"},"modified":"2024-10-21T17:53:39","modified_gmt":"2024-10-21T20:53:39","slug":"artigos","status":"publish","type":"page","link":"https:\/\/ipp.ufrn.br\/inctlabplan\/publicacoes\/artigos\/","title":{"rendered":"Artigos"},"content":{"rendered":"<p><div class=\"fusion-fullwidth fullwidth-box fusion-builder-row-1 fusion-flex-container has-pattern-background has-mask-background vertical-title hundred-percent-fullwidth non-hundred-percent-height-scrolling fusion-no-small-visibility\" style=\"--awb-border-radius-top-left:0px;--awb-border-radius-top-right:0px;--awb-border-radius-bottom-right:0px;--awb-border-radius-bottom-left:0px;--awb-padding-right:0px;--awb-padding-left:0px;--awb-margin-top:0px;--awb-flex-wrap:wrap;\" ><div class=\"fusion-builder-row fusion-row fusion-flex-align-items-flex-start fusion-flex-content-wrap\" style=\"width:104% !important;max-width:104% !important;margin-left: calc(-4% \/ 2 );margin-right: calc(-4% \/ 2 );\"><div class=\"fusion-layout-column fusion_builder_column fusion-builder-column-0 fusion_builder_column_1_1 1_1 fusion-flex-column\" style=\"--awb-bg-size:cover;--awb-width-large:100%;--awb-margin-top-large:0px;--awb-spacing-right-large:1.92%;--awb-margin-bottom-large:0px;--awb-spacing-left-large:1.92%;--awb-width-medium:100%;--awb-order-medium:0;--awb-spacing-right-medium:1.92%;--awb-spacing-left-medium:1.92%;--awb-width-small:100%;--awb-order-small:0;--awb-spacing-right-small:1.92%;--awb-spacing-left-small:1.92%;\"><div class=\"fusion-column-wrapper fusion-column-has-shadow fusion-flex-justify-content-flex-start fusion-content-layout-column\"><div class=\"fusion-title title fusion-title-1 fusion-sep-none fusion-title-text fusion-title-size-one\" style=\"--awb-text-color:var(--awb-color1);--awb-margin-top:0px;--awb-margin-bottom:0px;--awb-font-size:150px;\"><h1 class=\"fusion-title-heading title-heading-left\" style=\"font-family:&quot;Cabinet Grotesk&quot;;font-style:normal;font-weight:400;margin:0;font-size:1em;\">Artigos<\/h1><\/div><\/div><\/div><\/div><\/div><div class=\"fusion-fullwidth fullwidth-box fusion-builder-row-2 fusion-flex-container has-pattern-background has-mask-background hundred-percent-fullwidth non-hundred-percent-height-scrolling\" style=\"--awb-border-radius-top-left:0px;--awb-border-radius-top-right:0px;--awb-border-radius-bottom-right:0px;--awb-border-radius-bottom-left:0px;--awb-padding-top:90px;--awb-padding-right:9%;--awb-padding-bottom:90px;--awb-padding-left:15%;--awb-padding-top-small:30px;--awb-padding-right-small:9%;--awb-padding-bottom-small:30px;--awb-padding-left-small:9%;--awb-flex-wrap:wrap;\" ><div class=\"fusion-builder-row fusion-row fusion-flex-align-items-flex-start fusion-flex-content-wrap\" style=\"width:104% !important;max-width:104% !important;margin-left: calc(-4% \/ 2 );margin-right: calc(-4% \/ 2 );\"><div class=\"fusion-layout-column fusion_builder_column fusion-builder-column-1 fusion_builder_column_1_1 1_1 fusion-flex-column\" style=\"--awb-bg-size:cover;--awb-width-large:100%;--awb-margin-top-large:0px;--awb-spacing-right-large:1.92%;--awb-margin-bottom-large:20px;--awb-spacing-left-large:1.92%;--awb-width-medium:100%;--awb-order-medium:0;--awb-spacing-right-medium:1.92%;--awb-spacing-left-medium:1.92%;--awb-width-small:100%;--awb-order-small:0;--awb-spacing-right-small:1.92%;--awb-spacing-left-small:1.92%;\"><div class=\"fusion-column-wrapper fusion-column-has-shadow fusion-flex-justify-content-flex-start fusion-content-layout-column\"><div class=\"fusion-title title fusion-title-2 fusion-no-medium-visibility fusion-no-large-visibility fusion-sep-none fusion-title-text fusion-title-size-one\" style=\"--awb-margin-bottom-small:30px;\"><h1 class=\"fusion-title-heading title-heading-left\" style=\"margin:0;\">Artigos<\/h1><\/div><div class=\"fusion-post-cards fusion-post-cards-1 fusion-grid-archive fusion-grid-columns-4\" style=\"--awb-dots-align:center;--awb-active-filter-border-size:3px;--awb-filters-height:36px;\"><ul class=\"fusion-grid fusion-grid-4 fusion-flex-align-items-flex-start fusion-grid-posts-cards\"><li class=\"fusion-layout-column fusion_builder_column fusion-builder-column-2 fusion-flex-column fusion-column-inner-bg-wrapper post-card fusion-grid-column fusion-post-cards-grid-column\" style=\"--awb-inner-bg-blend:overlay;--awb-inner-bg-size:cover;\"><span class=\"fusion-column-inner-bg hover-type-none\"><a class=\"fusion-column-anchor\" href=\"https:\/\/ipp.ufrn.br\/inctlabplan\/biblioteca\/evolucao-da-economia-regional-da-origem-aos-fatos-estilizados-recentes\/\"><span class=\"fusion-column-inner-bg-image\"><\/span><\/a><\/span><div class=\"fusion-column-wrapper fusion-flex-justify-content-flex-start fusion-content-layout-column\"><div class=\"fusion-image-element \" style=\"--awb-aspect-ratio:2 \/ 3;--awb-caption-title-font-family:var(--h2_typography-font-family);--awb-caption-title-font-weight:var(--h2_typography-font-weight);--awb-caption-title-font-style:var(--h2_typography-font-style);--awb-caption-title-size:var(--h2_typography-font-size);--awb-caption-title-transform:var(--h2_typography-text-transform);--awb-caption-title-line-height:var(--h2_typography-line-height);--awb-caption-title-letter-spacing:var(--h2_typography-letter-spacing);\"><span class=\" fusion-imageframe imageframe-none imageframe-1 hover-type-none has-aspect-ratio\"><img decoding=\"async\" width=\"1275\" height=\"1789\" title=\"evolucao-da-economia-regional\" src=\"https:\/\/ipp.ufrn.br\/inctlabplan\/wp-content\/uploads\/2024\/09\/evolucao-da-economia-regional.jpg\" class=\"img-responsive wp-image-526 img-with-aspect-ratio\" alt srcset=\"https:\/\/ipp.ufrn.br\/inctlabplan\/wp-content\/uploads\/2024\/09\/evolucao-da-economia-regional-200x281.jpg 200w, https:\/\/ipp.ufrn.br\/inctlabplan\/wp-content\/uploads\/2024\/09\/evolucao-da-economia-regional-400x561.jpg 400w, https:\/\/ipp.ufrn.br\/inctlabplan\/wp-content\/uploads\/2024\/09\/evolucao-da-economia-regional-600x842.jpg 600w, https:\/\/ipp.ufrn.br\/inctlabplan\/wp-content\/uploads\/2024\/09\/evolucao-da-economia-regional-800x1123.jpg 800w, https:\/\/ipp.ufrn.br\/inctlabplan\/wp-content\/uploads\/2024\/09\/evolucao-da-economia-regional-1200x1684.jpg 1200w, https:\/\/ipp.ufrn.br\/inctlabplan\/wp-content\/uploads\/2024\/09\/evolucao-da-economia-regional.jpg 1275w\" sizes=\"(max-width: 640px) 100vw, 1275px\" \/><\/span><\/div><div class=\"fusion-title title fusion-title-3 fusion-sep-none fusion-title-center fusion-title-text fusion-title-size-four\" style=\"--awb-text-color:#ffffff;--awb-text-stroke-color:#ffffff;--awb-sep-color:#ffffff;--awb-font-size:18px;\"><h4 class=\"fusion-title-heading title-heading-center\" style=\"font-family:&quot;Raleway&quot;;font-style:normal;font-weight:700;margin:0;font-size:1em;letter-spacing:0.5px;\">Evolu\u00e7\u00e3o da Economia Regional: da origem aos fatos estilizados recentes<\/h4><\/div><div class=\"fusion-text fusion-text-1\" style=\"--awb-content-alignment:center;--awb-text-color:#ffffff;--awb-text-font-family:&quot;Raleway&quot;;--awb-text-font-style:normal;--awb-text-font-weight:400;\"><\/div><\/div><\/li>\n<li class=\"fusion-layout-column fusion_builder_column fusion-builder-column-3 fusion-flex-column fusion-column-inner-bg-wrapper post-card fusion-grid-column fusion-post-cards-grid-column\" style=\"--awb-inner-bg-blend:overlay;--awb-inner-bg-size:cover;\"><span class=\"fusion-column-inner-bg hover-type-none\"><a class=\"fusion-column-anchor\" href=\"https:\/\/ipp.ufrn.br\/inctlabplan\/biblioteca\/precarizacao-do-trabalho-e-nova-informalidade-no-urbano-permanencias-e-transformacoes\/\"><span class=\"fusion-column-inner-bg-image\"><\/span><\/a><\/span><div class=\"fusion-column-wrapper fusion-flex-justify-content-flex-start fusion-content-layout-column\"><div class=\"fusion-image-element \" style=\"--awb-aspect-ratio:2 \/ 3;--awb-caption-title-font-family:var(--h2_typography-font-family);--awb-caption-title-font-weight:var(--h2_typography-font-weight);--awb-caption-title-font-style:var(--h2_typography-font-style);--awb-caption-title-size:var(--h2_typography-font-size);--awb-caption-title-transform:var(--h2_typography-text-transform);--awb-caption-title-line-height:var(--h2_typography-line-height);--awb-caption-title-letter-spacing:var(--h2_typography-letter-spacing);\"><span class=\" fusion-imageframe imageframe-none imageframe-2 hover-type-none has-aspect-ratio\"><img decoding=\"async\" width=\"1004\" height=\"1447\" title=\"cadernos-metropoles-n59\" src=\"https:\/\/ipp.ufrn.br\/inctlabplan\/wp-content\/uploads\/2024\/09\/cadernos-metropoles-n59.jpg\" class=\"img-responsive wp-image-524 img-with-aspect-ratio\" alt srcset=\"https:\/\/ipp.ufrn.br\/inctlabplan\/wp-content\/uploads\/2024\/09\/cadernos-metropoles-n59-200x288.jpg 200w, https:\/\/ipp.ufrn.br\/inctlabplan\/wp-content\/uploads\/2024\/09\/cadernos-metropoles-n59-400x576.jpg 400w, https:\/\/ipp.ufrn.br\/inctlabplan\/wp-content\/uploads\/2024\/09\/cadernos-metropoles-n59-600x865.jpg 600w, https:\/\/ipp.ufrn.br\/inctlabplan\/wp-content\/uploads\/2024\/09\/cadernos-metropoles-n59-800x1153.jpg 800w, https:\/\/ipp.ufrn.br\/inctlabplan\/wp-content\/uploads\/2024\/09\/cadernos-metropoles-n59.jpg 1004w\" sizes=\"(max-width: 640px) 100vw, 1004px\" \/><\/span><\/div><div class=\"fusion-title title fusion-title-4 fusion-sep-none fusion-title-center fusion-title-text fusion-title-size-four\" style=\"--awb-text-color:#ffffff;--awb-text-stroke-color:#ffffff;--awb-sep-color:#ffffff;--awb-font-size:18px;\"><h4 class=\"fusion-title-heading title-heading-center\" style=\"font-family:&quot;Raleway&quot;;font-style:normal;font-weight:700;margin:0;font-size:1em;letter-spacing:0.5px;\">Precariza\u00e7\u00e3o do trabalho e nova informalidade no urbano: perman\u00eancias e transforma\u00e7\u00f5es<\/h4><\/div><div class=\"fusion-text fusion-text-2\" style=\"--awb-content-alignment:center;--awb-text-color:#ffffff;--awb-text-font-family:&quot;Raleway&quot;;--awb-text-font-style:normal;--awb-text-font-weight:400;\"><\/div><\/div><\/li>\n<li class=\"fusion-layout-column fusion_builder_column fusion-builder-column-4 fusion-flex-column fusion-column-inner-bg-wrapper post-card fusion-grid-column fusion-post-cards-grid-column\" style=\"--awb-inner-bg-blend:overlay;--awb-inner-bg-size:cover;\"><span class=\"fusion-column-inner-bg hover-type-none\"><a class=\"fusion-column-anchor\" href=\"https:\/\/ipp.ufrn.br\/inctlabplan\/biblioteca\/capital-incorporador-e-ciclos-imobiliarios-em-belem\/\"><span class=\"fusion-column-inner-bg-image\"><\/span><\/a><\/span><div class=\"fusion-column-wrapper fusion-flex-justify-content-flex-start fusion-content-layout-column\"><div class=\"fusion-image-element \" style=\"--awb-aspect-ratio:2 \/ 3;--awb-caption-title-font-family:var(--h2_typography-font-family);--awb-caption-title-font-weight:var(--h2_typography-font-weight);--awb-caption-title-font-style:var(--h2_typography-font-style);--awb-caption-title-size:var(--h2_typography-font-size);--awb-caption-title-transform:var(--h2_typography-text-transform);--awb-caption-title-line-height:var(--h2_typography-line-height);--awb-caption-title-letter-spacing:var(--h2_typography-letter-spacing);\"><span class=\" fusion-imageframe imageframe-none imageframe-3 hover-type-none has-aspect-ratio\"><img decoding=\"async\" width=\"1778\" height=\"2560\" title=\"cadernos-metropoles\" src=\"https:\/\/ipp.ufrn.br\/inctlabplan\/wp-content\/uploads\/2024\/09\/cadernos-metropoles-scaled.jpg\" class=\"img-responsive wp-image-522 img-with-aspect-ratio\" alt srcset=\"https:\/\/ipp.ufrn.br\/inctlabplan\/wp-content\/uploads\/2024\/09\/cadernos-metropoles-scaled-200x288.jpg 200w, https:\/\/ipp.ufrn.br\/inctlabplan\/wp-content\/uploads\/2024\/09\/cadernos-metropoles-scaled-400x576.jpg 400w, https:\/\/ipp.ufrn.br\/inctlabplan\/wp-content\/uploads\/2024\/09\/cadernos-metropoles-scaled-600x864.jpg 600w, https:\/\/ipp.ufrn.br\/inctlabplan\/wp-content\/uploads\/2024\/09\/cadernos-metropoles-scaled-800x1152.jpg 800w, https:\/\/ipp.ufrn.br\/inctlabplan\/wp-content\/uploads\/2024\/09\/cadernos-metropoles-scaled-1200x1728.jpg 1200w, https:\/\/ipp.ufrn.br\/inctlabplan\/wp-content\/uploads\/2024\/09\/cadernos-metropoles-scaled.jpg 1778w\" sizes=\"(max-width: 640px) 100vw, 1778px\" \/><\/span><\/div><div class=\"fusion-title title fusion-title-5 fusion-sep-none fusion-title-center fusion-title-text fusion-title-size-four\" style=\"--awb-text-color:#ffffff;--awb-text-stroke-color:#ffffff;--awb-sep-color:#ffffff;--awb-font-size:18px;\"><h4 class=\"fusion-title-heading title-heading-center\" style=\"font-family:&quot;Raleway&quot;;font-style:normal;font-weight:700;margin:0;font-size:1em;letter-spacing:0.5px;\">Capital incorporador e ciclos imobili\u00e1rios em Bel\u00e9m<\/h4><\/div><div class=\"fusion-text fusion-text-3\" style=\"--awb-content-alignment:center;--awb-text-color:#ffffff;--awb-text-font-family:&quot;Raleway&quot;;--awb-text-font-style:normal;--awb-text-font-weight:400;\"><\/div><\/div><\/li>\n<\/ul><\/div><\/div><\/div><\/div><\/div><\/p>\n","protected":false},"excerpt":{"rendered":"","protected":false},"author":3,"featured_media":0,"parent":16,"menu_order":0,"comment_status":"closed","ping_status":"closed","template":"100-width.php","meta":{"_acf_changed":false,"footnotes":""},"class_list":["post-287","page","type-page","status-publish","hentry"],"acf":[],"yoast_head":"<!-- This site is optimized with the Yoast SEO plugin v24.0 - https:\/\/yoast.com\/wordpress\/plugins\/seo\/ -->\n<title>Artigos - INCT Labplan<\/title>\n<meta name=\"robots\" content=\"index, follow, max-snippet:-1, max-image-preview:large, max-video-preview:-1\" \/>\n<link rel=\"canonical\" href=\"https:\/\/ipp.ufrn.br\/inctlabplan\/publicacoes\/artigos\/\" \/>\n<meta property=\"og:locale\" content=\"pt_BR\" \/>\n<meta property=\"og:type\" content=\"article\" \/>\n<meta property=\"og:title\" content=\"Artigos - INCT Labplan\" \/>\n<meta property=\"og:url\" content=\"https:\/\/ipp.ufrn.br\/inctlabplan\/publicacoes\/artigos\/\" \/>\n<meta property=\"og:site_name\" content=\"INCT Labplan\" \/>\n<meta property=\"article:modified_time\" content=\"2024-10-21T20:53:39+00:00\" \/>\n<meta name=\"twitter:card\" content=\"summary_large_image\" \/>\n<script type=\"application\/ld+json\" class=\"yoast-schema-graph\">{\"@context\":\"https:\/\/schema.org\",\"@graph\":[{\"@type\":\"WebPage\",\"@id\":\"https:\/\/ipp.ufrn.br\/inctlabplan\/publicacoes\/artigos\/\",\"url\":\"https:\/\/ipp.ufrn.br\/inctlabplan\/publicacoes\/artigos\/\",\"name\":\"Artigos - INCT Labplan\",\"isPartOf\":{\"@id\":\"https:\/\/ipp.ufrn.br\/inctlabplan\/#website\"},\"datePublished\":\"2024-09-03T20:44:01+00:00\",\"dateModified\":\"2024-10-21T20:53:39+00:00\",\"breadcrumb\":{\"@id\":\"https:\/\/ipp.ufrn.br\/inctlabplan\/publicacoes\/artigos\/#breadcrumb\"},\"inLanguage\":\"pt-BR\",\"potentialAction\":[{\"@type\":\"ReadAction\",\"target\":[\"https:\/\/ipp.ufrn.br\/inctlabplan\/publicacoes\/artigos\/\"]}]},{\"@type\":\"BreadcrumbList\",\"@id\":\"https:\/\/ipp.ufrn.br\/inctlabplan\/publicacoes\/artigos\/#breadcrumb\",\"itemListElement\":[{\"@type\":\"ListItem\",\"position\":1,\"name\":\"In\u00edcio\",\"item\":\"https:\/\/ipp.ufrn.br\/inctlabplan\/\"},{\"@type\":\"ListItem\",\"position\":2,\"name\":\"Publica\u00e7\u00f5es\",\"item\":\"https:\/\/ipp.ufrn.br\/inctlabplan\/publicacoes\/\"},{\"@type\":\"ListItem\",\"position\":3,\"name\":\"Artigos\"}]},{\"@type\":\"WebSite\",\"@id\":\"https:\/\/ipp.ufrn.br\/inctlabplan\/#website\",\"url\":\"https:\/\/ipp.ufrn.br\/inctlabplan\/\",\"name\":\"INCT Labplan\",\"description\":\"\",\"potentialAction\":[{\"@type\":\"SearchAction\",\"target\":{\"@type\":\"EntryPoint\",\"urlTemplate\":\"https:\/\/ipp.ufrn.br\/inctlabplan\/?s={search_term_string}\"},\"query-input\":{\"@type\":\"PropertyValueSpecification\",\"valueRequired\":true,\"valueName\":\"search_term_string\"}}],\"inLanguage\":\"pt-BR\"}]}<\/script>\n<!-- \/ Yoast SEO plugin. -->","yoast_head_json":{"title":"Artigos - INCT Labplan","robots":{"index":"index","follow":"follow","max-snippet":"max-snippet:-1","max-image-preview":"max-image-preview:large","max-video-preview":"max-video-preview:-1"},"canonical":"https:\/\/ipp.ufrn.br\/inctlabplan\/publicacoes\/artigos\/","og_locale":"pt_BR","og_type":"article","og_title":"Artigos - INCT Labplan","og_url":"https:\/\/ipp.ufrn.br\/inctlabplan\/publicacoes\/artigos\/","og_site_name":"INCT Labplan","article_modified_time":"2024-10-21T20:53:39+00:00","twitter_card":"summary_large_image","schema":{"@context":"https:\/\/schema.org","@graph":[{"@type":"WebPage","@id":"https:\/\/ipp.ufrn.br\/inctlabplan\/publicacoes\/artigos\/","url":"https:\/\/ipp.ufrn.br\/inctlabplan\/publicacoes\/artigos\/","name":"Artigos - INCT Labplan","isPartOf":{"@id":"https:\/\/ipp.ufrn.br\/inctlabplan\/#website"},"datePublished":"2024-09-03T20:44:01+00:00","dateModified":"2024-10-21T20:53:39+00:00","breadcrumb":{"@id":"https:\/\/ipp.ufrn.br\/inctlabplan\/publicacoes\/artigos\/#breadcrumb"},"inLanguage":"pt-BR","potentialAction":[{"@type":"ReadAction","target":["https:\/\/ipp.ufrn.br\/inctlabplan\/publicacoes\/artigos\/"]}]},{"@type":"BreadcrumbList","@id":"https:\/\/ipp.ufrn.br\/inctlabplan\/publicacoes\/artigos\/#breadcrumb","itemListElement":[{"@type":"ListItem","position":1,"name":"In\u00edcio","item":"https:\/\/ipp.ufrn.br\/inctlabplan\/"},{"@type":"ListItem","position":2,"name":"Publica\u00e7\u00f5es","item":"https:\/\/ipp.ufrn.br\/inctlabplan\/publicacoes\/"},{"@type":"ListItem","position":3,"name":"Artigos"}]},{"@type":"WebSite","@id":"https:\/\/ipp.ufrn.br\/inctlabplan\/#website","url":"https:\/\/ipp.ufrn.br\/inctlabplan\/","name":"INCT Labplan","description":"","potentialAction":[{"@type":"SearchAction","target":{"@type":"EntryPoint","urlTemplate":"https:\/\/ipp.ufrn.br\/inctlabplan\/?s={search_term_string}"},"query-input":{"@type":"PropertyValueSpecification","valueRequired":true,"valueName":"search_term_string"}}],"inLanguage":"pt-BR"}]}},"_links":{"self":[{"href":"https:\/\/ipp.ufrn.br\/inctlabplan\/wp-json\/wp\/v2\/pages\/287","targetHints":{"allow":["GET"]}}],"collection":[{"href":"https:\/\/ipp.ufrn.br\/inctlabplan\/wp-json\/wp\/v2\/pages"}],"about":[{"href":"https:\/\/ipp.ufrn.br\/inctlabplan\/wp-json\/wp\/v2\/types\/page"}],"author":[{"embeddable":true,"href":"https:\/\/ipp.ufrn.br\/inctlabplan\/wp-json\/wp\/v2\/users\/3"}],"replies":[{"embeddable":true,"href":"https:\/\/ipp.ufrn.br\/inctlabplan\/wp-json\/wp\/v2\/comments?post=287"}],"version-history":[{"count":3,"href":"https:\/\/ipp.ufrn.br\/inctlabplan\/wp-json\/wp\/v2\/pages\/287\/revisions"}],"predecessor-version":[{"id":2103,"href":"https:\/\/ipp.ufrn.br\/inctlabplan\/wp-json\/wp\/v2\/pages\/287\/revisions\/2103"}],"up":[{"embeddable":true,"href":"https:\/\/ipp.ufrn.br\/inctlabplan\/wp-json\/wp\/v2\/pages\/16"}],"wp:attachment":[{"href":"https:\/\/ipp.ufrn.br\/inctlabplan\/wp-json\/wp\/v2\/media?parent=287"}],"curies":[{"name":"wp","href":"https:\/\/api.w.org\/{rel}","templated":true}]}}