{"id":552,"date":"2024-09-14T12:05:33","date_gmt":"2024-09-14T15:05:33","guid":{"rendered":"http:\/\/ipp.ufrn.br\/inctlabplan\/?page_id=552"},"modified":"2026-03-23T13:06:02","modified_gmt":"2026-03-23T16:06:02","slug":"podcasts","status":"publish","type":"page","link":"https:\/\/ipp.ufrn.br\/inctlabplan\/divulgacao\/podcasts\/","title":{"rendered":"Podcasts"},"content":{"rendered":"<p><div class=\"fusion-fullwidth fullwidth-box fusion-builder-row-1 fusion-flex-container has-pattern-background has-mask-background vertical-title hundred-percent-fullwidth non-hundred-percent-height-scrolling fusion-no-small-visibility\" style=\"--awb-border-radius-top-left:0px;--awb-border-radius-top-right:0px;--awb-border-radius-bottom-right:0px;--awb-border-radius-bottom-left:0px;--awb-padding-right:0px;--awb-padding-left:0px;--awb-margin-top:0px;--awb-flex-wrap:wrap;\" ><div class=\"fusion-builder-row fusion-row fusion-flex-align-items-flex-start fusion-flex-content-wrap\" style=\"width:104% !important;max-width:104% !important;margin-left: calc(-4% \/ 2 );margin-right: calc(-4% \/ 2 );\"><div class=\"fusion-layout-column fusion_builder_column fusion-builder-column-0 fusion_builder_column_1_1 1_1 fusion-flex-column\" style=\"--awb-bg-size:cover;--awb-width-large:100%;--awb-margin-top-large:0px;--awb-spacing-right-large:1.92%;--awb-margin-bottom-large:0px;--awb-spacing-left-large:1.92%;--awb-width-medium:100%;--awb-order-medium:0;--awb-spacing-right-medium:1.92%;--awb-spacing-left-medium:1.92%;--awb-width-small:100%;--awb-order-small:0;--awb-spacing-right-small:1.92%;--awb-spacing-left-small:1.92%;\"><div class=\"fusion-column-wrapper fusion-column-has-shadow fusion-flex-justify-content-flex-start fusion-content-layout-column\"><div class=\"fusion-title title fusion-title-1 fusion-sep-none fusion-title-text fusion-title-size-one\" style=\"--awb-text-color:var(--awb-color1);--awb-margin-top:0px;--awb-margin-bottom:0px;--awb-font-size:150px;\"><h1 class=\"fusion-title-heading title-heading-left\" style=\"font-family:&quot;Cabinet Grotesk&quot;;font-style:normal;font-weight:400;margin:0;font-size:1em;\">Podcasts<\/h1><\/div><\/div><\/div><\/div><\/div><div class=\"fusion-fullwidth fullwidth-box fusion-builder-row-2 fusion-flex-container has-pattern-background has-mask-background hundred-percent-fullwidth non-hundred-percent-height-scrolling\" style=\"--awb-border-radius-top-left:0px;--awb-border-radius-top-right:0px;--awb-border-radius-bottom-right:0px;--awb-border-radius-bottom-left:0px;--awb-padding-top:90px;--awb-padding-right:9%;--awb-padding-left:15%;--awb-padding-top-small:30px;--awb-padding-right-small:9%;--awb-padding-left-small:9%;--awb-margin-top:0px;--awb-flex-wrap:wrap;\" ><div class=\"fusion-builder-row fusion-row fusion-flex-align-items-flex-start fusion-flex-content-wrap\" style=\"width:104% !important;max-width:104% !important;margin-left: calc(-4% \/ 2 );margin-right: calc(-4% \/ 2 );\"><div class=\"fusion-layout-column fusion_builder_column fusion-builder-column-1 fusion_builder_column_1_1 1_1 fusion-flex-column\" style=\"--awb-bg-size:cover;--awb-width-large:100%;--awb-margin-top-large:0px;--awb-spacing-right-large:1.92%;--awb-margin-bottom-large:56px;--awb-spacing-left-large:1.92%;--awb-width-medium:100%;--awb-order-medium:0;--awb-spacing-right-medium:1.92%;--awb-spacing-left-medium:1.92%;--awb-width-small:100%;--awb-order-small:0;--awb-spacing-right-small:1.92%;--awb-margin-bottom-small:30px;--awb-spacing-left-small:1.92%;\"><div class=\"fusion-column-wrapper fusion-column-has-shadow fusion-flex-justify-content-flex-start fusion-content-layout-column\"><div class=\"fusion-title title fusion-title-2 fusion-no-medium-visibility fusion-no-large-visibility fusion-sep-none fusion-title-text fusion-title-size-two\" style=\"--awb-text-color:var(--awb-custom_color_8);--awb-margin-top:0px;--awb-margin-bottom:30px;--awb-font-size:84px;\"><h2 class=\"fusion-title-heading title-heading-left\" style=\"margin:0;font-size:1em;\">Podcasts<\/h2><\/div><div class=\"fusion-text fusion-text-1\" style=\"--awb-font-size:20px;--awb-text-color:var(--awb-color3);\"><p>Com o objetivo de ampliar o alcance do debate sobre os desafios do desenvolvimento regional e urbano no pa\u00eds, o INCT Labplan apoia e divulga as iniciativas de programas no formato <em>podcast<\/em> desenvolvida pelos laborat\u00f3rios associados ao instituto.<\/p>\n<\/div><\/div><\/div><\/div><\/div><div class=\"fusion-fullwidth fullwidth-box fusion-builder-row-3 fusion-flex-container has-pattern-background has-mask-background hundred-percent-fullwidth non-hundred-percent-height-scrolling\" style=\"--awb-border-radius-top-left:0px;--awb-border-radius-top-right:0px;--awb-border-radius-bottom-right:0px;--awb-border-radius-bottom-left:0px;--awb-padding-top:0px;--awb-padding-right:9%;--awb-padding-bottom:90px;--awb-padding-left:15%;--awb-padding-right-small:9%;--awb-padding-bottom-small:30px;--awb-padding-left-small:9%;--awb-margin-top:0px;--awb-flex-wrap:wrap;\" ><div class=\"fusion-builder-row fusion-row fusion-flex-align-items-flex-start fusion-flex-content-wrap\" style=\"width:104% !important;max-width:104% !important;margin-left: calc(-4% \/ 2 );margin-right: calc(-4% \/ 2 );\"><div class=\"fusion-layout-column fusion_builder_column fusion-builder-column-2 fusion_builder_column_1_2 1_2 fusion-flex-column\" style=\"--awb-bg-size:cover;--awb-width-large:50%;--awb-margin-top-large:0px;--awb-spacing-right-large:3.84%;--awb-margin-bottom-large:20px;--awb-spacing-left-large:3.84%;--awb-width-medium:50%;--awb-order-medium:0;--awb-spacing-right-medium:3.84%;--awb-spacing-left-medium:3.84%;--awb-width-small:100%;--awb-order-small:0;--awb-spacing-right-small:1.92%;--awb-spacing-left-small:1.92%;\"><div class=\"fusion-column-wrapper fusion-column-has-shadow fusion-flex-justify-content-flex-start fusion-content-layout-column\"><div class=\"fusion-title title fusion-title-3 fusion-sep-none fusion-title-text fusion-title-size-three\" style=\"--awb-text-color:var(--awb-color3);\"><h3 class=\"fusion-title-heading title-heading-left\" style=\"margin:0;\">Podcast Ideias<\/h3><\/div><div class=\"fusion-text fusion-text-2 fusion-text-no-margin\" style=\"--awb-text-color:var(--awb-color3);--awb-margin-top:0px;--awb-margin-bottom:30px;\"><p><strong>&#8220;Ideias: sustentabilidade em todos os recantos&#8221; \u00e9 um podcast que discute de forma cient\u00edfica sobre as diversas quest\u00f5es socioambientais contempor\u00e2neas.<\/strong><\/p>\n<p>Em sua quarta temporada, o podcast re\u00fane pesquisadores do laborat\u00f3rio e convidados externos em discuss\u00f5es multidisciplinares sobre os desafios socioambientais do Brasil e Am\u00e9rica Latina.<\/p>\n<p>A iniciativa \u00e9 do Laborat\u00f3rio Interdisciplinar Sociedades, Ambientes e Territ\u00f3rios (LISAT), grupo de pesquisa vinculado ao Programa de P\u00f3s-Gradua\u00e7\u00e3o em Estudos Urbanos e Regionais (PPEUR) e ao Instituto de Pol\u00edticas P\u00fablicas (IPP) da Universidade Federal do Rio Grande do Norte (UFRN).<\/p>\n<\/div><div style=\"text-align:left;\"><a class=\"fusion-button button-flat fusion-button-default-size button-default fusion-button-default button-1 fusion-button-default-span fusion-button-default-type\" style=\"--button-border-radius-top-left:30px;--button-border-radius-top-right:30px;--button-border-radius-bottom-right:30px;--button-border-radius-bottom-left:30px;--button_typography-letter-spacing:.9px;--button_typography-font-family:&quot;Raleway&quot;;--button_typography-font-style:normal;--button_typography-font-weight:400;\" target=\"_blank\" rel=\"noopener noreferrer\" href=\"https:\/\/open.spotify.com\/show\/3XQUUGv1SGvnZy16esMhYJ\"><span class=\"fusion-button-text\">Ver todos <\/span><\/a><\/div><\/div><\/div><div class=\"fusion-layout-column fusion_builder_column fusion-builder-column-3 fusion_builder_column_1_2 1_2 fusion-flex-column\" style=\"--awb-bg-size:cover;--awb-width-large:50%;--awb-margin-top-large:-10px;--awb-spacing-right-large:3.84%;--awb-margin-bottom-large:20px;--awb-spacing-left-large:3.84%;--awb-width-medium:50%;--awb-order-medium:0;--awb-spacing-right-medium:3.84%;--awb-spacing-left-medium:3.84%;--awb-width-small:100%;--awb-order-small:0;--awb-spacing-right-small:1.92%;--awb-spacing-left-small:1.92%;\"><div class=\"fusion-column-wrapper fusion-column-has-shadow fusion-flex-justify-content-flex-start fusion-content-layout-column\"><div class=\"fusion-text fusion-text-3\" style=\"--awb-margin-top:0px;\"><div class=\"video-shortcode\"><iframe title=\"Spotify Embed: T5Ep05_Mitigar e adaptar: necessidades de um mundo em colapso clim\u00e1tico\" style=\"border-radius: 12px\" width=\"100%\" height=\"152\" frameborder=\"0\" allowfullscreen allow=\"autoplay; clipboard-write; encrypted-media; fullscreen; picture-in-picture\" loading=\"lazy\" src=\"https:\/\/open.spotify.com\/embed\/episode\/7abwcHdYyTqRASorEzeIJl?si=eyjG_UnpTrKPmH0lqGDHMw&amp;utm_source=oembed\"><\/iframe><\/div>\n<\/div><div class=\"fusion-text fusion-text-4\"><div class=\"video-shortcode\"><iframe title=\"Spotify Embed: T5Ep04_Caatinga: o bioma que ningu\u00e9m v\u00ea\" style=\"border-radius: 12px\" width=\"100%\" height=\"152\" frameborder=\"0\" allowfullscreen allow=\"autoplay; clipboard-write; encrypted-media; fullscreen; picture-in-picture\" loading=\"lazy\" src=\"https:\/\/open.spotify.com\/embed\/episode\/28qnDu4hcDpOuzJvYNprzG?si=Vxh_aotlSi-ncUP5vX8AKQ&amp;utm_source=oembed\"><\/iframe><\/div>\n<\/div><div class=\"fusion-text fusion-text-5\"><div class=\"video-shortcode\"><iframe title=\"Spotify Embed: T5Ep03_Quem ganha, quem perde? E\u00f3lica Offshore e Comunidades Tradicionais\" style=\"border-radius: 12px\" width=\"100%\" height=\"152\" frameborder=\"0\" allowfullscreen allow=\"autoplay; clipboard-write; encrypted-media; fullscreen; picture-in-picture\" loading=\"lazy\" src=\"https:\/\/open.spotify.com\/embed\/episode\/61S1uPMGaN8PhlEOjPfiZp?si=OQco9i_XQ1aOjN7t0JMm3Q&amp;utm_source=oembed\"><\/iframe><\/div>\n<\/div><\/div><\/div><\/div><\/div><div class=\"fusion-fullwidth fullwidth-box fusion-builder-row-4 fusion-flex-container has-pattern-background has-mask-background hundred-percent-fullwidth non-hundred-percent-height-scrolling\" style=\"--awb-border-radius-top-left:0px;--awb-border-radius-top-right:0px;--awb-border-radius-bottom-right:0px;--awb-border-radius-bottom-left:0px;--awb-padding-top:90px;--awb-padding-right:9%;--awb-padding-bottom:90px;--awb-padding-left:15%;--awb-padding-top-small:60px;--awb-padding-right-small:9%;--awb-padding-bottom-small:60px;--awb-padding-left-small:9%;--awb-margin-top:0px;--awb-margin-bottom:-60px;--awb-background-color:#e4ffd8;--awb-flex-wrap:wrap;\" ><div class=\"fusion-builder-row fusion-row fusion-flex-align-items-flex-start fusion-flex-content-wrap\" style=\"width:104% !important;max-width:104% !important;margin-left: calc(-4% \/ 2 );margin-right: calc(-4% \/ 2 );\"><div class=\"fusion-layout-column fusion_builder_column fusion-builder-column-4 fusion_builder_column_1_2 1_2 fusion-flex-column\" style=\"--awb-bg-size:cover;--awb-width-large:50%;--awb-margin-top-large:0px;--awb-spacing-right-large:3.84%;--awb-margin-bottom-large:20px;--awb-spacing-left-large:3.84%;--awb-width-medium:50%;--awb-order-medium:0;--awb-spacing-right-medium:3.84%;--awb-spacing-left-medium:3.84%;--awb-width-small:100%;--awb-order-small:0;--awb-spacing-right-small:1.92%;--awb-spacing-left-small:1.92%;\"><div class=\"fusion-column-wrapper fusion-column-has-shadow fusion-flex-justify-content-flex-start fusion-content-layout-column\"><div class=\"fusion-title title fusion-title-4 fusion-sep-none fusion-title-text fusion-title-size-three\" style=\"--awb-text-color:var(--awb-custom_color_8);\"><h3 class=\"fusion-title-heading title-heading-left\" style=\"margin:0;\">Podcast Seda de Buriti<\/h3><\/div><div class=\"fusion-text fusion-text-6 fusion-text-no-margin\" style=\"--awb-margin-top:0px;--awb-margin-bottom:30px;\"><p><b>Seda de Buriti \u00e9 um podcast de informa\u00e7\u00e3o e opini\u00e3o sobre o desenvolvimento territorial brasileiro.<\/b><\/p>\n<p>Atrav\u00e9s de entrevistas com pesquisadores, militantes de movimentos sociais, ONGs, etc.,o podcast visa levar o debate acerca dessa tem\u00e1tica para fora dos muros das universidades e contribuir para a promo\u00e7\u00e3o da ci\u00eancia cidad\u00e3.<\/p>\n<p>A iniciativa \u00e9 do Grupo de Estudo em Desenvolvimento da Amaz\u00f4nia e do Nordeste (GEDAN), formado por alunos e professores do Bacharelado em Planejamento Territorial da Universidade Federal do ABC (UFABC) e da P\u00f3s-Gradua\u00e7\u00e3o em Planejamento e Gest\u00e3o do Territ\u00f3rio (PPGPGT).<\/p>\n<\/div><div style=\"text-align:left;\"><a class=\"fusion-button button-flat fusion-button-default-size button-default fusion-button-default button-2 fusion-button-default-span fusion-button-default-type\" style=\"--button-border-radius-top-left:30px;--button-border-radius-top-right:30px;--button-border-radius-bottom-right:30px;--button-border-radius-bottom-left:30px;--button_typography-letter-spacing:.9px;--button_typography-font-family:&quot;Raleway&quot;;--button_typography-font-style:normal;--button_typography-font-weight:400;\" target=\"_blank\" rel=\"noopener noreferrer\" href=\"https:\/\/open.spotify.com\/show\/0YMxD9cY048wgAOimyGPtF\"><span class=\"fusion-button-text\">Ver todos <\/span><\/a><\/div><\/div><\/div><div class=\"fusion-layout-column fusion_builder_column fusion-builder-column-5 fusion_builder_column_1_2 1_2 fusion-flex-column\" style=\"--awb-bg-size:cover;--awb-width-large:50%;--awb-margin-top-large:-10px;--awb-spacing-right-large:3.84%;--awb-margin-bottom-large:20px;--awb-spacing-left-large:3.84%;--awb-width-medium:50%;--awb-order-medium:0;--awb-spacing-right-medium:3.84%;--awb-spacing-left-medium:3.84%;--awb-width-small:100%;--awb-order-small:0;--awb-spacing-right-small:1.92%;--awb-margin-bottom-small:0px;--awb-spacing-left-small:1.92%;\"><div class=\"fusion-column-wrapper fusion-column-has-shadow fusion-flex-justify-content-flex-start fusion-content-layout-column\"><div class=\"fusion-text fusion-text-7\" style=\"--awb-margin-top:0px;\"><div class=\"video-shortcode\"><iframe title=\"Spotify Embed: T3E3 - \u00c1gua, Moradia e a Cidade\" style=\"border-radius: 12px\" width=\"100%\" height=\"152\" frameborder=\"0\" allowfullscreen allow=\"autoplay; clipboard-write; encrypted-media; fullscreen; picture-in-picture\" loading=\"lazy\" src=\"https:\/\/open.spotify.com\/embed\/episode\/5kB0WkI9l1khJ0Ikx6JdaE?si=E42otwNeQd-Ja150jglpSA&#038;utm_source=oembed\"><\/iframe><\/div>\n<\/div><div class=\"fusion-text fusion-text-8\"><div class=\"video-shortcode\"><iframe title=\"Spotify Embed: T3E2 - A\u00e7\u00e3o Social\" style=\"border-radius: 12px\" width=\"100%\" height=\"152\" frameborder=\"0\" allowfullscreen allow=\"autoplay; clipboard-write; encrypted-media; fullscreen; picture-in-picture\" loading=\"lazy\" src=\"https:\/\/open.spotify.com\/embed\/episode\/6tYmM6eHJmCE593Uq7tnVm?si=FZx_JiGrRw-6Njd5a1orMQ&#038;utm_source=oembed\"><\/iframe><\/div>\n<\/div><div class=\"fusion-text fusion-text-9\"><div class=\"video-shortcode\"><iframe title=\"Spotify Embed: T3E1 - Viol\u00eancia\" style=\"border-radius: 12px\" width=\"100%\" height=\"152\" frameborder=\"0\" allowfullscreen allow=\"autoplay; clipboard-write; encrypted-media; fullscreen; picture-in-picture\" loading=\"lazy\" src=\"https:\/\/open.spotify.com\/embed\/episode\/1YgEZM0W0DiOzTL71hyyKP?si=zSdjJobOQPWZu3XCJHPlYg&#038;utm_source=oembed\"><\/iframe><\/div>\n<\/div><\/div><\/div><\/div><\/div><\/p>\n","protected":false},"excerpt":{"rendered":"","protected":false},"author":1,"featured_media":0,"parent":13,"menu_order":0,"comment_status":"closed","ping_status":"closed","template":"100-width.php","meta":{"_acf_changed":false,"footnotes":""},"class_list":["post-552","page","type-page","status-publish","hentry"],"acf":[],"yoast_head":"<!-- This site is optimized with the Yoast SEO plugin v24.0 - https:\/\/yoast.com\/wordpress\/plugins\/seo\/ -->\n<title>Podcasts - INCT Labplan<\/title>\n<meta name=\"robots\" content=\"index, follow, max-snippet:-1, max-image-preview:large, max-video-preview:-1\" \/>\n<link rel=\"canonical\" href=\"https:\/\/ipp.ufrn.br\/inctlabplan\/divulgacao\/podcasts\/\" \/>\n<meta property=\"og:locale\" content=\"pt_BR\" \/>\n<meta property=\"og:type\" content=\"article\" \/>\n<meta property=\"og:title\" content=\"Podcasts - INCT Labplan\" \/>\n<meta property=\"og:url\" content=\"https:\/\/ipp.ufrn.br\/inctlabplan\/divulgacao\/podcasts\/\" \/>\n<meta property=\"og:site_name\" content=\"INCT Labplan\" \/>\n<meta property=\"article:modified_time\" content=\"2026-03-23T16:06:02+00:00\" \/>\n<meta name=\"twitter:card\" content=\"summary_large_image\" \/>\n<meta name=\"twitter:label1\" content=\"Est. tempo de leitura\" \/>\n\t<meta name=\"twitter:data1\" content=\"2 minutos\" \/>\n<script type=\"application\/ld+json\" class=\"yoast-schema-graph\">{\"@context\":\"https:\/\/schema.org\",\"@graph\":[{\"@type\":\"WebPage\",\"@id\":\"https:\/\/ipp.ufrn.br\/inctlabplan\/divulgacao\/podcasts\/\",\"url\":\"https:\/\/ipp.ufrn.br\/inctlabplan\/divulgacao\/podcasts\/\",\"name\":\"Podcasts - INCT Labplan\",\"isPartOf\":{\"@id\":\"https:\/\/ipp.ufrn.br\/inctlabplan\/#website\"},\"datePublished\":\"2024-09-14T15:05:33+00:00\",\"dateModified\":\"2026-03-23T16:06:02+00:00\",\"breadcrumb\":{\"@id\":\"https:\/\/ipp.ufrn.br\/inctlabplan\/divulgacao\/podcasts\/#breadcrumb\"},\"inLanguage\":\"pt-BR\",\"potentialAction\":[{\"@type\":\"ReadAction\",\"target\":[\"https:\/\/ipp.ufrn.br\/inctlabplan\/divulgacao\/podcasts\/\"]}]},{\"@type\":\"BreadcrumbList\",\"@id\":\"https:\/\/ipp.ufrn.br\/inctlabplan\/divulgacao\/podcasts\/#breadcrumb\",\"itemListElement\":[{\"@type\":\"ListItem\",\"position\":1,\"name\":\"In\u00edcio\",\"item\":\"https:\/\/ipp.ufrn.br\/inctlabplan\/\"},{\"@type\":\"ListItem\",\"position\":2,\"name\":\"Divulga\u00e7\u00e3o\",\"item\":\"https:\/\/ipp.ufrn.br\/inctlabplan\/divulgacao\/\"},{\"@type\":\"ListItem\",\"position\":3,\"name\":\"Podcasts\"}]},{\"@type\":\"WebSite\",\"@id\":\"https:\/\/ipp.ufrn.br\/inctlabplan\/#website\",\"url\":\"https:\/\/ipp.ufrn.br\/inctlabplan\/\",\"name\":\"INCT Labplan\",\"description\":\"\",\"potentialAction\":[{\"@type\":\"SearchAction\",\"target\":{\"@type\":\"EntryPoint\",\"urlTemplate\":\"https:\/\/ipp.ufrn.br\/inctlabplan\/?s={search_term_string}\"},\"query-input\":{\"@type\":\"PropertyValueSpecification\",\"valueRequired\":true,\"valueName\":\"search_term_string\"}}],\"inLanguage\":\"pt-BR\"}]}<\/script>\n<!-- \/ Yoast SEO plugin. -->","yoast_head_json":{"title":"Podcasts - INCT Labplan","robots":{"index":"index","follow":"follow","max-snippet":"max-snippet:-1","max-image-preview":"max-image-preview:large","max-video-preview":"max-video-preview:-1"},"canonical":"https:\/\/ipp.ufrn.br\/inctlabplan\/divulgacao\/podcasts\/","og_locale":"pt_BR","og_type":"article","og_title":"Podcasts - INCT Labplan","og_url":"https:\/\/ipp.ufrn.br\/inctlabplan\/divulgacao\/podcasts\/","og_site_name":"INCT Labplan","article_modified_time":"2026-03-23T16:06:02+00:00","twitter_card":"summary_large_image","twitter_misc":{"Est. tempo de leitura":"2 minutos"},"schema":{"@context":"https:\/\/schema.org","@graph":[{"@type":"WebPage","@id":"https:\/\/ipp.ufrn.br\/inctlabplan\/divulgacao\/podcasts\/","url":"https:\/\/ipp.ufrn.br\/inctlabplan\/divulgacao\/podcasts\/","name":"Podcasts - INCT Labplan","isPartOf":{"@id":"https:\/\/ipp.ufrn.br\/inctlabplan\/#website"},"datePublished":"2024-09-14T15:05:33+00:00","dateModified":"2026-03-23T16:06:02+00:00","breadcrumb":{"@id":"https:\/\/ipp.ufrn.br\/inctlabplan\/divulgacao\/podcasts\/#breadcrumb"},"inLanguage":"pt-BR","potentialAction":[{"@type":"ReadAction","target":["https:\/\/ipp.ufrn.br\/inctlabplan\/divulgacao\/podcasts\/"]}]},{"@type":"BreadcrumbList","@id":"https:\/\/ipp.ufrn.br\/inctlabplan\/divulgacao\/podcasts\/#breadcrumb","itemListElement":[{"@type":"ListItem","position":1,"name":"In\u00edcio","item":"https:\/\/ipp.ufrn.br\/inctlabplan\/"},{"@type":"ListItem","position":2,"name":"Divulga\u00e7\u00e3o","item":"https:\/\/ipp.ufrn.br\/inctlabplan\/divulgacao\/"},{"@type":"ListItem","position":3,"name":"Podcasts"}]},{"@type":"WebSite","@id":"https:\/\/ipp.ufrn.br\/inctlabplan\/#website","url":"https:\/\/ipp.ufrn.br\/inctlabplan\/","name":"INCT Labplan","description":"","potentialAction":[{"@type":"SearchAction","target":{"@type":"EntryPoint","urlTemplate":"https:\/\/ipp.ufrn.br\/inctlabplan\/?s={search_term_string}"},"query-input":{"@type":"PropertyValueSpecification","valueRequired":true,"valueName":"search_term_string"}}],"inLanguage":"pt-BR"}]}},"_links":{"self":[{"href":"https:\/\/ipp.ufrn.br\/inctlabplan\/wp-json\/wp\/v2\/pages\/552","targetHints":{"allow":["GET"]}}],"collection":[{"href":"https:\/\/ipp.ufrn.br\/inctlabplan\/wp-json\/wp\/v2\/pages"}],"about":[{"href":"https:\/\/ipp.ufrn.br\/inctlabplan\/wp-json\/wp\/v2\/types\/page"}],"author":[{"embeddable":true,"href":"https:\/\/ipp.ufrn.br\/inctlabplan\/wp-json\/wp\/v2\/users\/1"}],"replies":[{"embeddable":true,"href":"https:\/\/ipp.ufrn.br\/inctlabplan\/wp-json\/wp\/v2\/comments?post=552"}],"version-history":[{"count":12,"href":"https:\/\/ipp.ufrn.br\/inctlabplan\/wp-json\/wp\/v2\/pages\/552\/revisions"}],"predecessor-version":[{"id":2807,"href":"https:\/\/ipp.ufrn.br\/inctlabplan\/wp-json\/wp\/v2\/pages\/552\/revisions\/2807"}],"up":[{"embeddable":true,"href":"https:\/\/ipp.ufrn.br\/inctlabplan\/wp-json\/wp\/v2\/pages\/13"}],"wp:attachment":[{"href":"https:\/\/ipp.ufrn.br\/inctlabplan\/wp-json\/wp\/v2\/media?parent=552"}],"curies":[{"name":"wp","href":"https:\/\/api.w.org\/{rel}","templated":true}]}}